{"id":1275,"date":"2017-02-09T11:41:53","date_gmt":"2017-02-09T10:41:53","guid":{"rendered":"http:\/\/ietu.pl\/klienci\/"},"modified":"2020-03-25T13:15:28","modified_gmt":"2020-03-25T12:15:28","slug":"customers","status":"publish","type":"page","link":"https:\/\/ietu.pl\/en\/customers\/","title":{"rendered":"Customers"},"content":{"rendered":"<div id=\"pl-1275\"  class=\"panel-layout\" ><div id=\"pg-1275-0\"  class=\"panel-grid panel-has-style\" ><div class=\"background_repeat panel-row-style panel-row-style-for-1275-0\" ><div id=\"pgc-1275-0-0\"  class=\"panel-grid-cell\" ><div class=\"so-wrapper lead content-black\" style=\"\">\r\n   <div data-canvas-width=\"37.78498848790323\"><div data-canvas-width=\"249.95020092333857\">IETU provides expert, consulting and advisory services to enterprises, public administration bodies and local government units in the field of environmental protection, revitalisation and management.<\/div><\/div><\/div>\r\n<div class=\"so-wrapper textwidget content-black\" style=\"\">\r\n    <p align=\"left\">We prepare reports and expert opinions on the following topics:<\/p><ul><li>air quality research and management<\/li><li>changes related to transformations of the urbanised environment<\/li><li>site contamination assessment -health risk assessment on the site<\/li><li>scope and methods of water and land remediation -landfill monitoring results<\/li><li>morphological analyses of waste -regional and local waste management plans.<\/li><\/ul><p>What distinguishes us from other R&amp;D units is: individual approach to our customers, understanding of their needs, experience, reliability, responsibility, and timeliness of the performed work.<\/p><\/div>\r\n<\/div><\/div><\/div><div id=\"pg-1275-1\"  class=\"panel-grid panel-has-style\" ><div class=\"siteorigin-panels-stretch background_repeat bg-center panel-row-style panel-row-style-for-1275-1\" data-stretch-type=\"full\" ><div id=\"pgc-1275-1-0\"  class=\"panel-grid-cell\" ><div class=\"so-wrapper textwidget content-white\" style=\" margin-bottom:20px;  padding-bottom:20px; \">\r\n    <h3>Local government administration<\/h3>\n<ul>\n<li>Municipal Offices: Bytom, Chorz\u00f3w, Cz\u0119stochowa, D\u0105browa G\u00f3rnicza, Gliwice,\u00a0Jastrz\u0119bie Zdr\u00f3j, Katowice, Krak\u00f3w, Mys\u0142owice, Olkusz, Ruda \u015al\u0105ska, Siemianowice \u015al\u0105skie, Sosnowiec, \u015awi\u0119toch\u0142owice, Tychy<\/li>\n<li>County Starost\u2019s Offices in Pszczyna, Tarnowskie G\u00f3ry, Zawiercie<\/li>\n<li>Marshal's Office of the Silesian Voivodeship<\/li>\n<li>Metropolitan Association of Upper Silesia in Katowice<\/li>\n<\/ul>\n<\/div>\r\n<div class=\"so-wrapper textwidget content-white\" style=\"\">\r\n    <h3>State Administration<\/h3>\n<ul>\n<li>Ministry of the Climate<\/li>\n<li>Chief Inspectorate of Environmental Protection in Warsaw<\/li>\n<li>National Water Management Board<\/li>\n<li>Regional Water Management Board in Gliwice<\/li>\n<\/ul>\n<\/div>\r\n<\/div><div id=\"pgc-1275-1-1\"  class=\"panel-grid-cell\" ><div class=\"so-wrapper textwidget content-white\" style=\" border-left:1px solid #ffffff; \">\r\n    <h3>Enterprises<\/h3><p>\u00a0<\/p><ul><li>lstom Konstal S.A., Chorz\u00f3w<\/li><li>Remondis Sp. z o.o., Warsaw, Opole<\/li><li>SAINT GOBAIN SEKURIT HanGlas Polska Sp. z o.o.<\/li><li>Tauron Zak\u0142ady Azotowe, Tarn\u00f3w-Mo\u015bcice<\/li><li>Nitrogen Plants - Zak\u0142ad Odzysku i Sk\u0142adowania Odpad\u00f3w Komunalnych, Le\u015bno G\u00f3rne (Tanowo)<\/li><li>Municipal Waste Recovery and Disposal Plant<\/li><li>PPHU Komart Sp. z o.o., Knur\u00f3w<\/li><li>Production-Trade-Service Company<\/li><li>Jastrz\u0119bska Sp\u00f3\u0142ka W\u0119glowa S.A., Jastrz\u0119bie Zdr\u00f3j<\/li><li>Coal Company<\/li><li>SANDVIK POLSKA Sp. z o.o., Katowice Miejskie Przedsi\u0119biorstwo Oczyszczania Sp. z o.o., Cracow<\/li><li>Municipal Waste Management Company<\/li><li>Miejskie Przedsi\u0119biorstwo Gospodarki Komunalnej Sp. z o.o., Katowice<\/li><li>Municipal Services Company - Przedsi\u0119biorstwo Utylizacji Odpad\u00f3w Sp. z o.o., \u015awidnica<\/li><li>Waste Processing Plant - Zak\u0142ad Gospodarki Odpadami Komunalnymi Sp. z o.o., Balino<\/li><li>Municipal Waste Management Plant<\/li><li>Terravesta Ltd, Lincoln, UK<\/li><li>Arcadis Sp. z o.o., Wroc\u0142aw<\/li><li>NILU Polska Sp. z o.<\/li><\/ul><\/div>\r\n<\/div><\/div><\/div><div id=\"pg-1275-2\"  class=\"panel-grid panel-has-style\" ><div class=\"background_repeat panel-row-style panel-row-style-for-1275-2\" ><div id=\"pgc-1275-2-0\"  class=\"panel-grid-cell\" ><div class=\"so-wrapper loga-slider-wrapper\" style=\"\">\r\n  <div class=\"row\">\r\n    <div class=\" col-xs-12  loga-kolor  loga-slider\">\r\n              <div class=\"slick-item\">\r\n          <a href=\"http:\/\/www.swietochlowice.pl\/\" rel=\"nofollow\" title=\"\u015awi\u0119toch\u0142owice\"><img width=\"150\" height=\"75\" src=\"https:\/\/ietu.pl\/wp-content\/uploads\/2017\/02\/logo-swietochlowice.png\" class=\"img-responsive\" alt=\"\" decoding=\"async\" loading=\"lazy\" \/><\/a>        <\/div>\r\n              <div class=\"slick-item\">\r\n          <a href=\"http:\/\/www.jsw.pl\/\" rel=\"nofollow\" title=\"Jastrz\u0119bska Sp\u00f3\u0142ka Weglowa\"><img width=\"150\" height=\"75\" src=\"https:\/\/ietu.pl\/wp-content\/uploads\/2017\/02\/logo-jsw.png\" class=\"img-responsive\" alt=\"\" decoding=\"async\" loading=\"lazy\" \/><\/a>        <\/div>\r\n              <div class=\"slick-item\">\r\n          <a href=\"http:\/\/www.gliwice.rzgw.gov.pl\/\" rel=\"nofollow\" title=\"Regionalny Zarz\u0105d Gospodarki Wodnej w Gliwicach\"><img width=\"150\" height=\"75\" src=\"https:\/\/ietu.pl\/wp-content\/uploads\/2017\/02\/logo-rzgw.png\" class=\"img-responsive\" alt=\"\" decoding=\"async\" loading=\"lazy\" \/><\/a>        <\/div>\r\n              <div class=\"slick-item\">\r\n          <a href=\"https:\/\/rudaslaska.com.pl\" rel=\"nofollow\" title=\"Ruda \u015al\u0105ska\"><img width=\"150\" height=\"75\" src=\"https:\/\/ietu.pl\/wp-content\/uploads\/2017\/02\/logo-ruda-slaska.png\" class=\"img-responsive\" alt=\"\" decoding=\"async\" loading=\"lazy\" \/><\/a>        <\/div>\r\n              <div class=\"slick-item\">\r\n          <a href=\"http:\/\/www.kzgw.gov.pl\/\" rel=\"nofollow\" title=\"Krajowy Zarz\u0105d Gospodarki Wodnej\"><img width=\"150\" height=\"75\" src=\"https:\/\/ietu.pl\/wp-content\/uploads\/2017\/02\/logo-kzgw.png\" class=\"img-responsive\" alt=\"\" decoding=\"async\" loading=\"lazy\" \/><\/a>        <\/div>\r\n              <div class=\"slick-item\">\r\n          <a href=\"http:\/\/www.tarnowskiegory.pl\/\" rel=\"nofollow\" title=\"Tarnowskie G\u00f3ry\"><img width=\"150\" height=\"75\" src=\"https:\/\/ietu.pl\/wp-content\/uploads\/2017\/02\/logo-tarnowskie-gory.png\" class=\"img-responsive\" alt=\"\" decoding=\"async\" loading=\"lazy\" \/><\/a>        <\/div>\r\n              <div class=\"slick-item\">\r\n          <a href=\"http:\/\/www.saint-gobain.pl\" rel=\"nofollow\" title=\"Saint Gobain\"><img width=\"150\" height=\"75\" src=\"https:\/\/ietu.pl\/wp-content\/uploads\/2017\/02\/logo-saint-gobain.png\" class=\"img-responsive\" alt=\"\" decoding=\"async\" loading=\"lazy\" \/><\/a>        <\/div>\r\n              <div class=\"slick-item\">\r\n          <a href=\"http:\/\/www.bytom.pl\/\" rel=\"nofollow\" title=\"Bytom\"><img width=\"150\" height=\"75\" src=\"https:\/\/ietu.pl\/wp-content\/uploads\/2017\/02\/logo-bytom.png\" class=\"img-responsive\" alt=\"\" decoding=\"async\" loading=\"lazy\" \/><\/a>        <\/div>\r\n              <div class=\"slick-item\">\r\n          <a href=\"http:\/\/mpgk.com.pl\/\" rel=\"nofollow\" title=\"Miejskie Przedsi\u0119biorstwo Gospodarki Komunalnej\"><img width=\"150\" height=\"75\" src=\"https:\/\/ietu.pl\/wp-content\/uploads\/2017\/02\/logo-mpgk.png\" class=\"img-responsive\" alt=\"\" decoding=\"async\" loading=\"lazy\" \/><\/a>        <\/div>\r\n              <div class=\"slick-item\">\r\n          <a href=\"http:\/\/www.puoswidnica.pl\/\" rel=\"nofollow\" title=\"Przedsi\u0119biorstwo Utylizacji Odpad\u00f3w Sp. z o.o.\"><img width=\"150\" height=\"75\" src=\"https:\/\/ietu.pl\/wp-content\/uploads\/2017\/02\/logo-puo.png\" class=\"img-responsive\" alt=\"\" decoding=\"async\" loading=\"lazy\" \/><\/a>        <\/div>\r\n              <div class=\"slick-item\">\r\n          <a href=\"http:\/\/www.chorzow.eu\" rel=\"nofollow\" title=\"Chorz\u00f3w\"><img width=\"150\" height=\"75\" src=\"https:\/\/ietu.pl\/wp-content\/uploads\/2017\/02\/logo-chorzow.png\" class=\"img-responsive\" alt=\"\" decoding=\"async\" loading=\"lazy\" \/><\/a>        <\/div>\r\n              <div class=\"slick-item\">\r\n          <a href=\"http:\/\/www.katowice.eu\/\" rel=\"nofollow\" title=\"Katowice\"><img width=\"150\" height=\"75\" src=\"https:\/\/ietu.pl\/wp-content\/uploads\/2017\/02\/logo-katowice.png\" class=\"img-responsive\" alt=\"\" decoding=\"async\" loading=\"lazy\" \/><\/a>        <\/div>\r\n              <div class=\"slick-item\">\r\n          <a href=\"http:\/\/www.terravesta.com\/\" rel=\"nofollow\" title=\"Terravesta\"><img width=\"150\" height=\"75\" src=\"https:\/\/ietu.pl\/wp-content\/uploads\/2017\/02\/logo-terravista-1.png\" class=\"img-responsive\" alt=\"Terravista\" decoding=\"async\" loading=\"lazy\" \/><\/a>        <\/div>\r\n              <div class=\"slick-item\">\r\n          <a href=\"http:\/\/www.tauron.pl\/dla-domu\" rel=\"nofollow\" title=\"Tauron\"><img width=\"150\" height=\"75\" src=\"https:\/\/ietu.pl\/wp-content\/uploads\/2017\/02\/logo-tauron.png\" class=\"img-responsive\" alt=\"\" decoding=\"async\" loading=\"lazy\" \/><\/a>        <\/div>\r\n              <div class=\"slick-item\">\r\n          <a href=\"http:\/\/www.mpo.krakow.pl\/\" rel=\"nofollow\" title=\"Miejskie Przedsi\u0119biorstwo Oczyszczania w Krakowie\"><img width=\"150\" height=\"75\" src=\"https:\/\/ietu.pl\/wp-content\/uploads\/2017\/02\/logo-mpo.png\" class=\"img-responsive\" alt=\"\" decoding=\"async\" loading=\"lazy\" \/><\/a>        <\/div>\r\n              <div class=\"slick-item\">\r\n          <a href=\"http:\/\/grupaazoty.com\/\" rel=\"nofollow\" title=\"Grupa Azoty\"><img width=\"150\" height=\"75\" src=\"https:\/\/ietu.pl\/wp-content\/uploads\/2017\/02\/logo-azoty.png\" class=\"img-responsive\" alt=\"\" decoding=\"async\" loading=\"lazy\" \/><\/a>        <\/div>\r\n              <div class=\"slick-item\">\r\n          <a href=\"http:\/\/www.alstom.com\/pl\/poland\/\" rel=\"nofollow\" title=\"Alstom\"><img width=\"150\" height=\"75\" src=\"https:\/\/ietu.pl\/wp-content\/uploads\/2017\/02\/logo-alstom.png\" class=\"img-responsive\" alt=\"\" decoding=\"async\" loading=\"lazy\" \/><\/a>        <\/div>\r\n              <div class=\"slick-item\">\r\n          <a href=\"http:\/\/www.arcadis.com\/\/pl\/polska\/cookie-wall\/\" rel=\"nofollow\" title=\"Arcadis\"><img width=\"150\" height=\"75\" src=\"https:\/\/ietu.pl\/wp-content\/uploads\/2017\/02\/logo-arcadis.png\" class=\"img-responsive\" alt=\"\" decoding=\"async\" loading=\"lazy\" \/><\/a>        <\/div>\r\n              <div class=\"slick-item\">\r\n          <a href=\"http:\/\/www.mos.gov.pl\/\" rel=\"nofollow\" title=\"Ministerstwo \u015arodowiska\"><img width=\"150\" height=\"75\" src=\"https:\/\/ietu.pl\/wp-content\/uploads\/2017\/02\/logo-ms.png\" class=\"img-responsive\" alt=\"\" decoding=\"async\" loading=\"lazy\" \/><\/a>        <\/div>\r\n              <div class=\"slick-item\">\r\n          <a href=\"http:\/\/grupa-eneris.pl\/surowce\/\" rel=\"nofollow\" title=\"Eneris\"><img width=\"150\" height=\"75\" src=\"https:\/\/ietu.pl\/wp-content\/uploads\/2017\/02\/logo-eneris.png\" class=\"img-responsive\" alt=\"\" decoding=\"async\" loading=\"lazy\" \/><\/a>        <\/div>\r\n              <div class=\"slick-item\">\r\n          <a href=\"http:\/\/www.zawiercie.eu\/\" rel=\"nofollow\" title=\"Zawiercie\"><img width=\"150\" height=\"75\" src=\"https:\/\/ietu.pl\/wp-content\/uploads\/2017\/02\/logo-zawiercie.png\" class=\"img-responsive\" alt=\"\" decoding=\"async\" loading=\"lazy\" \/><\/a>        <\/div>\r\n              <div class=\"slick-item\">\r\n          <a href=\"http:\/\/www.pszczyna.pl\/\" rel=\"nofollow\" title=\"Pszczyna\"><img width=\"150\" height=\"75\" src=\"https:\/\/ietu.pl\/wp-content\/uploads\/2017\/02\/logo-pszczyna-02.png\" class=\"img-responsive\" alt=\"\" decoding=\"async\" loading=\"lazy\" \/><\/a>        <\/div>\r\n              <div class=\"slick-item\">\r\n          <a href=\"http:\/\/www.remondis.pl\/pl\/rmpl\/strony-specjalne\/strona-glowna\/\" rel=\"nofollow\" title=\"Remondis\"><img width=\"150\" height=\"75\" src=\"https:\/\/ietu.pl\/wp-content\/uploads\/2017\/02\/logo-remondis.png\" class=\"img-responsive\" alt=\"\" decoding=\"async\" loading=\"lazy\" \/><\/a>        <\/div>\r\n              <div class=\"slick-item\">\r\n          <a href=\"http:\/\/www.krakow.pl\" rel=\"nofollow\" title=\"Krak\u00f3w\"><img width=\"150\" height=\"75\" src=\"https:\/\/ietu.pl\/wp-content\/uploads\/2017\/02\/logo-krakow.png\" class=\"img-responsive\" alt=\"\" decoding=\"async\" loading=\"lazy\" \/><\/a>        <\/div>\r\n              <div class=\"slick-item\">\r\n          <a href=\"http:\/\/www.jastrzebie.pl\/\" rel=\"nofollow\" title=\"Jastrz\u0119bie Zdr\u00f3j\"><img width=\"150\" height=\"75\" src=\"https:\/\/ietu.pl\/wp-content\/uploads\/2017\/02\/logo-jastrzebie-zdroj.png\" class=\"img-responsive\" alt=\"\" decoding=\"async\" loading=\"lazy\" \/><\/a>        <\/div>\r\n              <div class=\"slick-item\">\r\n          <a href=\"http:\/\/www.slaskie.pl\/\" rel=\"nofollow\" title=\"\u015al\u0105skie\"><img width=\"150\" height=\"75\" src=\"https:\/\/ietu.pl\/wp-content\/uploads\/2017\/02\/logo-slaskie.png\" class=\"img-responsive\" alt=\"\" decoding=\"async\" loading=\"lazy\" \/><\/a>        <\/div>\r\n              <div class=\"slick-item\">\r\n          <a href=\"http:\/\/www.tychy.pl\" rel=\"nofollow\" title=\"Tychy\"><img width=\"150\" height=\"75\" src=\"https:\/\/ietu.pl\/wp-content\/uploads\/2017\/02\/logo-tychy.png\" class=\"img-responsive\" alt=\"\" decoding=\"async\" loading=\"lazy\" \/><\/a>        <\/div>\r\n              <div class=\"slick-item\">\r\n          <a href=\"http:\/\/www.gliwice.eu\" rel=\"nofollow\" title=\"Gliwice\"><img width=\"150\" height=\"75\" src=\"https:\/\/ietu.pl\/wp-content\/uploads\/2017\/02\/logo-gliwice.png\" class=\"img-responsive\" alt=\"\" decoding=\"async\" loading=\"lazy\" \/><\/a>        <\/div>\r\n              <div class=\"slick-item\">\r\n          <a href=\"http:\/\/www2.sandvik.com\/sandvik\/2700\/internet\/poland\/se03399.nsf\" rel=\"nofollow\" title=\"Sandvik\"><img width=\"150\" height=\"75\" src=\"https:\/\/ietu.pl\/wp-content\/uploads\/2017\/02\/logo-sandvik.png\" class=\"img-responsive\" alt=\"\" decoding=\"async\" loading=\"lazy\" \/><\/a>        <\/div>\r\n              <div class=\"slick-item\">\r\n          <a href=\"http:\/\/www.nilu.pl\/\" rel=\"nofollow\" title=\"NILU Polska Sp. z o.o.\"><img width=\"150\" height=\"75\" src=\"https:\/\/ietu.pl\/wp-content\/uploads\/2017\/02\/logo-nilu.png\" class=\"img-responsive\" alt=\"\" decoding=\"async\" loading=\"lazy\" \/><\/a>        <\/div>\r\n              <div class=\"slick-item\">\r\n          <a href=\"http:\/\/komart.pl\/\" rel=\"nofollow\" title=\"PPHU Komart\"><img width=\"150\" height=\"75\" src=\"https:\/\/ietu.pl\/wp-content\/uploads\/2017\/02\/logo-komart.png\" class=\"img-responsive\" alt=\"\" decoding=\"async\" loading=\"lazy\" \/><\/a>        <\/div>\r\n              <div class=\"slick-item\">\r\n          <a href=\"http:\/\/www.pszczyna.pl\/\" rel=\"nofollow\" title=\"Pszczyna\"><img width=\"150\" height=\"75\" src=\"https:\/\/ietu.pl\/wp-content\/uploads\/2017\/02\/logo-pszczyna.png\" class=\"img-responsive\" alt=\"\" decoding=\"async\" loading=\"lazy\" \/><\/a>        <\/div>\r\n              <div class=\"slick-item\">\r\n          <a href=\"http:\/\/www.gzm.org.pl\/\" rel=\"nofollow\" title=\"G\u00f3rno\u015bl\u0105ski Zwi\u0105zek Metropolitalny\"><img width=\"150\" height=\"75\" src=\"https:\/\/ietu.pl\/wp-content\/uploads\/2017\/02\/logo-metropolia-silesia.png\" class=\"img-responsive\" alt=\"\" decoding=\"async\" loading=\"lazy\" \/><\/a>        <\/div>\r\n              <div class=\"slick-item\">\r\n          <a href=\"http:\/\/www.gios.gov.pl\/pl\/\" rel=\"nofollow\" title=\"G\u0142\u00f3wny Inspektorat Ochrony \u015arodowiska\"><img width=\"150\" height=\"75\" src=\"https:\/\/ietu.pl\/wp-content\/uploads\/2017\/02\/logo-gios.png\" class=\"img-responsive\" alt=\"\" decoding=\"async\" loading=\"lazy\" \/><\/a>        <\/div>\r\n              <div class=\"slick-item\">\r\n          <a href=\"http:\/\/www.czestochowa.pl\" rel=\"nofollow\" title=\"Cz\u0119stochowa\"><img width=\"150\" height=\"75\" src=\"https:\/\/ietu.pl\/wp-content\/uploads\/2017\/02\/logo-czestochowa.png\" class=\"img-responsive\" alt=\"\" decoding=\"async\" loading=\"lazy\" \/><\/a>        <\/div>\r\n              <div class=\"slick-item\">\r\n          <a href=\"http:\/\/www.umig.olkusz.pl\/\" rel=\"nofollow\" title=\"Olkusz\"><img width=\"150\" height=\"75\" src=\"https:\/\/ietu.pl\/wp-content\/uploads\/2017\/02\/logo-olkusz.png\" class=\"img-responsive\" alt=\"\" decoding=\"async\" loading=\"lazy\" \/><\/a>        <\/div>\r\n          <\/div>\r\n      <\/div>\r\n<\/div>\r\n<script type=\"text\/javascript\">\r\n  jQuery(document).ready(function(){\r\n    jQuery('.loga-slider').slick({\r\n      adaptiveHeight:false,\r\n      autoplay: true,\r\n      autoplaySpeed: 4000,\r\n      lazyLoad: 'progressive',\r\n      slidesToShow: 10,\r\n      slidesToScroll: 10,\r\n      infinite: true,\r\n      dots: false,\r\n      responsive: [\r\n        {\r\n          breakpoint: 1024,\r\n          settings: {\r\n            slidesToShow: 10,\r\n            slidesToScroll: 10,\r\n            infinite: true\r\n          }\r\n        },\r\n        {\r\n          breakpoint: 768,\r\n          settings: {\r\n            slidesToShow: 6,\r\n            slidesToScroll: 6,\r\n            infinite: true\r\n          }\r\n        },\r\n        {\r\n          breakpoint: 480,\r\n          settings: {\r\n            slidesToShow: 2,\r\n            slidesToScroll: 2,\r\n            infinite: true\r\n          }\r\n        }\r\n        \/\/ You can unslick at a given breakpoint now by adding:\r\n        \/\/ settings: \"unslick\"\r\n        \/\/ instead of a settings object\r\n      ]\r\n    });\r\n  });\r\n<\/script>\r\n<\/div><\/div><\/div><\/div>","protected":false},"excerpt":{"rendered":"<p>IETU provides expert, consulting and advisory services to enterprises, public administration bodies and local government units in the field of environmental protection, revitalisation and management. We prepare reports and expert opinions on the following topics:air quality research and managementchanges related to transformations of the urbanised environmentsite contamination assessment -health risk assessment on the sitescope and methods of water and land remediation -landfill monitoring resultsmorphological analyses of waste -regional and local waste management plans.What distinguishes us from other R&amp;D units is: individual approach to our customers, understanding of their needs, experience, reliability, responsibility, and timeliness of the performed work. Local government administration Municipal Offices: Bytom, Chorz\u00f3w, Cz\u0119stochowa, D\u0105browa G\u00f3rnicza, Gliwice,\u00a0Jastrz\u0119bie Zdr\u00f3j, Katowice, Krak\u00f3w, Mys\u0142owice, Olkusz, Ruda \u015al\u0105ska, Siemianowice \u015al\u0105skie, Sosnowiec, \u015awi\u0119toch\u0142owice, Tychy County Starost\u2019s Offices in Pszczyna, Tarnowskie G\u00f3ry, Zawiercie Marshal&#8217;s Office of the Silesian Voivodeship Metropolitan Association of Upper Silesia in Katowice State Administration Ministry of the Climate Chief Inspectorate of Environmental Protection in Warsaw National Water Management Board Regional Water Management Board in Gliwice Enterprises\u00a0lstom Konstal S.A., Chorz\u00f3wRemondis Sp. z o.o., Warsaw, OpoleSAINT GOBAIN SEKURIT HanGlas Polska Sp. z o.o.Tauron Zak\u0142ady Azotowe, Tarn\u00f3w-Mo\u015bciceNitrogen Plants &#8211; Zak\u0142ad Odzysku i Sk\u0142adowania Odpad\u00f3w Komunalnych, Le\u015bno G\u00f3rne (Tanowo)Municipal Waste Recovery and Disposal PlantPPHU Komart Sp. z o.o., Knur\u00f3wProduction-Trade-Service CompanyJastrz\u0119bska Sp\u00f3\u0142ka W\u0119glowa S.A., Jastrz\u0119bie Zdr\u00f3jCoal CompanySANDVIK POLSKA Sp. z o.o., Katowice Miejskie Przedsi\u0119biorstwo Oczyszczania Sp. z o.o., CracowMunicipal Waste Management CompanyMiejskie Przedsi\u0119biorstwo Gospodarki Komunalnej Sp. z o.o., KatowiceMunicipal Services Company &#8211; Przedsi\u0119biorstwo Utylizacji Odpad\u00f3w Sp. z o.o., \u015awidnicaWaste Processing Plant &#8211; Zak\u0142ad Gospodarki Odpadami Komunalnymi Sp. z o.o., BalinoMunicipal Waste Management PlantTerravesta Ltd, Lincoln, UKArcadis Sp. z o.o., Wroc\u0142awNILU Polska Sp. z o.<\/p>\n","protected":false},"author":1,"featured_media":0,"parent":0,"menu_order":36,"comment_status":"closed","ping_status":"closed","template":"","meta":[],"aioseo_notices":[],"_links":{"self":[{"href":"https:\/\/ietu.pl\/en\/wp-json\/wp\/v2\/pages\/1275"}],"collection":[{"href":"https:\/\/ietu.pl\/en\/wp-json\/wp\/v2\/pages"}],"about":[{"href":"https:\/\/ietu.pl\/en\/wp-json\/wp\/v2\/types\/page"}],"author":[{"embeddable":true,"href":"https:\/\/ietu.pl\/en\/wp-json\/wp\/v2\/users\/1"}],"replies":[{"embeddable":true,"href":"https:\/\/ietu.pl\/en\/wp-json\/wp\/v2\/comments?post=1275"}],"version-history":[{"count":9,"href":"https:\/\/ietu.pl\/en\/wp-json\/wp\/v2\/pages\/1275\/revisions"}],"predecessor-version":[{"id":13724,"href":"https:\/\/ietu.pl\/en\/wp-json\/wp\/v2\/pages\/1275\/revisions\/13724"}],"wp:attachment":[{"href":"https:\/\/ietu.pl\/en\/wp-json\/wp\/v2\/media?parent=1275"}],"curies":[{"name":"wp","href":"https:\/\/api.w.org\/{rel}","templated":true}]}}