{"id":1279,"date":"2017-02-03T16:22:04","date_gmt":"2017-02-03T15:22:04","guid":{"rendered":"http:\/\/ietu.pl\/praca-w-ietu\/"},"modified":"2023-12-05T09:31:59","modified_gmt":"2023-12-05T08:31:59","slug":"work-at-ietu","status":"publish","type":"page","link":"https:\/\/ietu.pl\/en\/work-at-ietu\/","title":{"rendered":"Work at IETU"},"content":{"rendered":"<div id=\"pl-1279\"  class=\"panel-layout\" ><div id=\"pg-1279-0\"  class=\"panel-grid panel-has-style\" ><div class=\"background_repeat panel-row-style panel-row-style-for-1279-0\" ><div id=\"pgc-1279-0-0\"  class=\"panel-grid-cell\" ><div class=\"so-wrapper \" style=\"\">\r\n\r\n  <div class=\"panel-group\" id=\"workaccordion\" role=\"tablist\" aria-multiselectable=\"true\">\r\n            <div class=\"panel panel-default\">\r\n            <div class=\"panel-heading\" role=\"tab\" id=\"heading-2256\">\r\n              <h3 class=\"panel-title\">\r\n                <span class=\"line\"><\/span>\r\n                <a role=\"button\" data-toggle=\"collapse\" data-parent=\"#workaccordion\" href=\"#collapse-2256\" aria-expanded=\"true\" aria-controls=\"collapse-2256\" class=\"collapsed\">\r\n                  <span>\r\n                    Sta\u017c w IETU                  <\/span>\r\n                  <i class=\"fa fa-chevron-down\" aria-hidden=\"true\"><\/i>\r\n                <\/a>\r\n              <\/h3>\r\n            <\/div>\r\n            <div id=\"collapse-2256\" class=\"panel-collapse collapse\" role=\"tabpanel\" aria-labelledby=\"heading-2256\">\r\n              <div class=\"panel-body\">\r\n                <div class=\"img-wrapper\">\r\n                                 <\/div>\r\n                  <p>Absolwentom uczelni wy\u017cszych (do 30 roku \u017cycia) oferujemy mo\u017cliwo\u015b\u0107 odbycia sta\u017c\u00f3w absolwenckich (maksymalnie 3-miesi\u0119cznych) na podstawie nieodp\u0142atnej umowy zawartej pomi\u0119dzy IETU a absolwentem.<\/p>                                  <div class=\"form-wrapper\">\r\n                    \n<div class=\"wpcf7 no-js\" id=\"wpcf7-f338-o1\" lang=\"pl-PL\" dir=\"ltr\">\n<div class=\"screen-reader-response\"><p role=\"status\" aria-live=\"polite\" aria-atomic=\"true\"><\/p> <ul><\/ul><\/div>\n<form action=\"\/en\/wp-json\/wp\/v2\/pages\/1279#wpcf7-f338-o1\" method=\"post\" class=\"wpcf7-form init\" aria-label=\"Formularz kontaktowy\" novalidate=\"novalidate\" data-status=\"init\">\n<div style=\"display: none;\">\n<input type=\"hidden\" name=\"_wpcf7\" value=\"338\" \/>\n<input type=\"hidden\" name=\"_wpcf7_version\" value=\"5.7.7\" \/>\n<input type=\"hidden\" name=\"_wpcf7_locale\" value=\"pl_PL\" \/>\n<input type=\"hidden\" name=\"_wpcf7_unit_tag\" value=\"wpcf7-f338-o1\" \/>\n<input type=\"hidden\" name=\"_wpcf7_container_post\" value=\"0\" \/>\n<input type=\"hidden\" name=\"_wpcf7_posted_data_hash\" value=\"\" \/>\n<\/div>\n<div class=\"row\">\n\t<div class=\"col-xs-12 col-md-6\">\n\t\t<div class=\"form-group\">\n\t\t\t<p><span class=\"wpcf7-form-control-wrap\" data-name=\"imie\"><input size=\"40\" class=\"wpcf7-form-control wpcf7-text wpcf7-validates-as-required form-control\" aria-required=\"true\" aria-invalid=\"false\" placeholder=\"imie i nazwisko\" value=\"\" type=\"text\" name=\"imie\" \/><\/span>\n\t\t\t<\/p>\n\t\t<\/div>\n\t\t<div class=\"form-group\">\n\t\t\t<p><span class=\"wpcf7-form-control-wrap\" data-name=\"email\"><input size=\"40\" class=\"wpcf7-form-control wpcf7-text wpcf7-email wpcf7-validates-as-required wpcf7-validates-as-email form-control\" aria-required=\"true\" aria-invalid=\"false\" placeholder=\"e-mail\" value=\"\" type=\"email\" name=\"email\" \/><\/span>\n\t\t\t<\/p>\n\t\t<\/div>\n\t\t<div class=\"form-group\">\n\t\t\t<p><span class=\"wpcf7-form-control-wrap\" data-name=\"temat\"><input size=\"40\" class=\"wpcf7-form-control wpcf7-text form-control\" aria-invalid=\"false\" placeholder=\"stanowisko\" value=\"\" type=\"text\" name=\"temat\" \/><\/span>\n\t\t\t<\/p>\n\t\t<\/div>\n\t<\/div>\n\t<div class=\"col-xs-12 col-md-6\">\n\t\t<div class=\"form-group\">\n\t\t\t<p><span class=\"wpcf7-form-control-wrap\" data-name=\"wiadomosc\"><textarea cols=\"40\" rows=\"5\" class=\"wpcf7-form-control wpcf7-textarea wpcf7-validates-as-required form-control\" aria-required=\"true\" aria-invalid=\"false\" placeholder=\"dlaczego chcesz z nami pracowa\u0107\" name=\"wiadomosc\"><\/textarea><\/span>\n\t\t\t<\/p>\n\t\t<\/div>\n\t<\/div>\n<\/div>\n<div class=\"row\">\n\t<div class=\"col-xs-12 col-md-6\">\n\t\t<div class=\"form-group\">\n\t\t\t<p>[recaptcha]\n\t\t\t<\/p>\n\t\t<\/div>\n\t<\/div>\n\t<div class=\"col-xs-12 col-md-6\">\n\t\t<div class=\"form-group text-right\">\n\t\t\t<p><button typ=\"submit\" class=\"btn btn-primary\">wy\u015blij<\/button>\n\t\t\t<\/p>\n\t\t<\/div>\n\t<\/div>\n<\/div><div class=\"wpcf7-response-output\" aria-hidden=\"true\"><\/div>\n<\/form>\n<\/div>\n                  <\/div>\r\n                              <\/div>\r\n            <\/div>\r\n          <\/div>\r\n          <\/div>\r\n\r\n    <\/div>\r\n<\/div><\/div><\/div><div id=\"pg-1279-1\"  class=\"panel-grid panel-has-style\" ><div class=\"background_repeat panel-row-style panel-row-style-for-1279-1\" ><div id=\"pgc-1279-1-0\"  class=\"panel-grid-cell\" ><div class=\"so-wrapper \" style=\"\">\r\n\r\n  <div class=\"panel-group\" id=\"workaccordion\" role=\"tablist\" aria-multiselectable=\"true\">\r\n            <div class=\"panel panel-default\">\r\n            <div class=\"panel-heading\" role=\"tab\" id=\"heading-7451\">\r\n              <h3 class=\"panel-title\">\r\n                <span class=\"line\"><\/span>\r\n                <a role=\"button\" data-toggle=\"collapse\" data-parent=\"#workaccordion\" href=\"#collapse-7451\" aria-expanded=\"true\" aria-controls=\"collapse-7451\" class=\"collapsed\">\r\n                  <span>\r\n                    Praktyka w IETU                  <\/span>\r\n                  <i class=\"fa fa-chevron-down\" aria-hidden=\"true\"><\/i>\r\n                <\/a>\r\n              <\/h3>\r\n            <\/div>\r\n            <div id=\"collapse-7451\" class=\"panel-collapse collapse\" role=\"tabpanel\" aria-labelledby=\"heading-7451\">\r\n              <div class=\"panel-body\">\r\n                <div class=\"img-wrapper\">\r\n                                 <\/div>\r\n                  <p>Studentom ostatnich lat studi\u00f3w oferujemy mo\u017cliwo\u015b\u0107 odbycia praktyk studenckich na podstawie umowy zawartej pomi\u0119dzy IETU a uczelni\u0105 wy\u017csz\u0105.<\/p><p>Praktyki zwi\u0105zane s\u0105 z g\u0142\u00f3wn\u0105 dzia\u0142alno\u015bci\u0105 IETU. Od kandydat\u00f3w oczekujemy zaanga\u017cowania oraz motywacji do zdobywania wiedzy i nowych do\u015bwiadcze\u0144.<\/p><p>Podczas praktyki studenci wykonuj\u0105 pod nadzorem specjalist\u00f3w z IETU samodzielne zadania zgodne z programem praktyki i kierunkiem studi\u00f3w. Opiekunami praktykant\u00f3w s\u0105 do\u015bwiadczeni pracownicy, kt\u00f3rzy dok\u0142adaj\u0105 stara\u0144, aby praktykanci odnie\u015bli jak najwi\u0119ksze korzy\u015bci z praktycznego zastosowania swojej wiedzy i umiej\u0119tno\u015bci.<\/p><h3>Praktykantom zapewniamy:<\/h3><ul><li>mo\u017cliwo\u015b\u0107 poznania \u015brodowiska pracy naukowo-badawczej,<\/li><li>okazj\u0119 do bezpo\u015bredniego kontaktu z nowoczesnymi metodami prowadzenia prac badawczych,<\/li><li>opiek\u0119 merytoryczn\u0105 do\u015bwiadczonych pracownik\u00f3w IETU,<\/li><li>przyjazn\u0105 atmosfer\u0119 sprzyjaj\u0105c\u0105 rozwijaniu umiej\u0119tno\u015bci zawodowych.<\/li><\/ul><p>Termin i czas trwania praktyki ustalamy indywidualnie z kandydatem.<\/p><p>Zawieramy umow\u0119 z uczelni\u0105 okre\u015blaj\u0105c\u0105 warunki przyj\u0119cia praktykanta.<\/p><p>Praktyki w IETU s\u0105 nieodp\u0142atne.<\/p>                                  <div class=\"form-wrapper\">\r\n                    \n<div class=\"wpcf7 no-js\" id=\"wpcf7-f338-o2\" lang=\"pl-PL\" dir=\"ltr\">\n<div class=\"screen-reader-response\"><p role=\"status\" aria-live=\"polite\" aria-atomic=\"true\"><\/p> <ul><\/ul><\/div>\n<form action=\"\/en\/wp-json\/wp\/v2\/pages\/1279#wpcf7-f338-o2\" method=\"post\" class=\"wpcf7-form init\" aria-label=\"Formularz kontaktowy\" novalidate=\"novalidate\" data-status=\"init\">\n<div style=\"display: none;\">\n<input type=\"hidden\" name=\"_wpcf7\" value=\"338\" \/>\n<input type=\"hidden\" name=\"_wpcf7_version\" value=\"5.7.7\" \/>\n<input type=\"hidden\" name=\"_wpcf7_locale\" value=\"pl_PL\" \/>\n<input type=\"hidden\" name=\"_wpcf7_unit_tag\" value=\"wpcf7-f338-o2\" \/>\n<input type=\"hidden\" name=\"_wpcf7_container_post\" value=\"0\" \/>\n<input type=\"hidden\" name=\"_wpcf7_posted_data_hash\" value=\"\" \/>\n<\/div>\n<div class=\"row\">\n\t<div class=\"col-xs-12 col-md-6\">\n\t\t<div class=\"form-group\">\n\t\t\t<p><span class=\"wpcf7-form-control-wrap\" data-name=\"imie\"><input size=\"40\" class=\"wpcf7-form-control wpcf7-text wpcf7-validates-as-required form-control\" aria-required=\"true\" aria-invalid=\"false\" placeholder=\"imie i nazwisko\" value=\"\" type=\"text\" name=\"imie\" \/><\/span>\n\t\t\t<\/p>\n\t\t<\/div>\n\t\t<div class=\"form-group\">\n\t\t\t<p><span class=\"wpcf7-form-control-wrap\" data-name=\"email\"><input size=\"40\" class=\"wpcf7-form-control wpcf7-text wpcf7-email wpcf7-validates-as-required wpcf7-validates-as-email form-control\" aria-required=\"true\" aria-invalid=\"false\" placeholder=\"e-mail\" value=\"\" type=\"email\" name=\"email\" \/><\/span>\n\t\t\t<\/p>\n\t\t<\/div>\n\t\t<div class=\"form-group\">\n\t\t\t<p><span class=\"wpcf7-form-control-wrap\" data-name=\"temat\"><input size=\"40\" class=\"wpcf7-form-control wpcf7-text form-control\" aria-invalid=\"false\" placeholder=\"stanowisko\" value=\"\" type=\"text\" name=\"temat\" \/><\/span>\n\t\t\t<\/p>\n\t\t<\/div>\n\t<\/div>\n\t<div class=\"col-xs-12 col-md-6\">\n\t\t<div class=\"form-group\">\n\t\t\t<p><span class=\"wpcf7-form-control-wrap\" data-name=\"wiadomosc\"><textarea cols=\"40\" rows=\"5\" class=\"wpcf7-form-control wpcf7-textarea wpcf7-validates-as-required form-control\" aria-required=\"true\" aria-invalid=\"false\" placeholder=\"dlaczego chcesz z nami pracowa\u0107\" name=\"wiadomosc\"><\/textarea><\/span>\n\t\t\t<\/p>\n\t\t<\/div>\n\t<\/div>\n<\/div>\n<div class=\"row\">\n\t<div class=\"col-xs-12 col-md-6\">\n\t\t<div class=\"form-group\">\n\t\t\t<p>[recaptcha]\n\t\t\t<\/p>\n\t\t<\/div>\n\t<\/div>\n\t<div class=\"col-xs-12 col-md-6\">\n\t\t<div class=\"form-group text-right\">\n\t\t\t<p><button typ=\"submit\" class=\"btn btn-primary\">wy\u015blij<\/button>\n\t\t\t<\/p>\n\t\t<\/div>\n\t<\/div>\n<\/div><div class=\"wpcf7-response-output\" aria-hidden=\"true\"><\/div>\n<\/form>\n<\/div>\n                  <\/div>\r\n                              <\/div>\r\n            <\/div>\r\n          <\/div>\r\n          <\/div>\r\n\r\n    <\/div>\r\n<\/div><\/div><\/div><div id=\"pg-1279-2\"  class=\"panel-grid panel-has-style\" ><div class=\"background_repeat panel-row-style panel-row-style-for-1279-2\" ><div id=\"pgc-1279-2-0\"  class=\"panel-grid-cell\" ><div class=\"so-wrapper \" style=\"\">\r\n\r\n  <div class=\"panel-group\" id=\"workaccordion\" role=\"tablist\" aria-multiselectable=\"true\">\r\n            <div class=\"panel panel-default\">\r\n            <div class=\"panel-heading\" role=\"tab\" id=\"heading-6137\">\r\n              <h3 class=\"panel-title\">\r\n                <span class=\"line\"><\/span>\r\n                <a role=\"button\" data-toggle=\"collapse\" data-parent=\"#workaccordion\" href=\"#collapse-6137\" aria-expanded=\"true\" aria-controls=\"collapse-6137\" class=\"collapsed\">\r\n                  <span>\r\n                    Praca w IETU                  <\/span>\r\n                  <i class=\"fa fa-chevron-down\" aria-hidden=\"true\"><\/i>\r\n                <\/a>\r\n              <\/h3>\r\n            <\/div>\r\n            <div id=\"collapse-6137\" class=\"panel-collapse collapse\" role=\"tabpanel\" aria-labelledby=\"heading-6137\">\r\n              <div class=\"panel-body\">\r\n                <div class=\"img-wrapper\">\r\n                                 <\/div>\r\n                  <p>Je\u015bli jeste\u015b zainteresowana\/ny prac\u0105 w IETU, a obecnie nie publikujemy ofert pracy na stanowisko odpowiadaj\u0105ce Twoim kwalifikacjom lub oczekiwaniom, mo\u017cesz przes\u0142a\u0107 do nas swoje dokumenty aplikacyjne (CV, list motywacyjny) za pomoc\u0105 formularza kontaktowego.<\/p>\n<p>Twoja kandydatura zostanie rozwa\u017cona w przypadku pojawienia si\u0119 oferty pracy, w kt\u00f3rej nasze wymagania b\u0119d\u0105 zbie\u017cne z Twoimi kwalifikacjami.<\/p>\n<p>Zastrzegamy sobie prawo kontaktu tylko z wybranymi osobami.<\/p>\n<p>CV kandydata powinno zawiera\u0107 klauzul\u0119 o tre\u015bci:<\/p>\n<p><em> \u201eWyra\u017cam zgod\u0119 na przetwarzanie moich danych osobowych zawartych w mojej aplikacji dla potrzeb obecnych jak i przysz\u0142ych proces\u00f3w rekrutacji prowadzonych w Instytucie Ekologii Teren\u00f3w Uprzemys\u0142owionych, zgodnie z Ustaw\u0105 z dnia 29.08.97 o ochronie danych osobowych, (Dz. U. Nr 133, poz. 883)\u201d.<\/em><\/p>\n                                  <div class=\"form-wrapper\">\r\n                    \n<div class=\"wpcf7 no-js\" id=\"wpcf7-f811-o3\" lang=\"pl-PL\" dir=\"ltr\">\n<div class=\"screen-reader-response\"><p role=\"status\" aria-live=\"polite\" aria-atomic=\"true\"><\/p> <ul><\/ul><\/div>\n<form action=\"\/en\/wp-json\/wp\/v2\/pages\/1279#wpcf7-f811-o3\" method=\"post\" class=\"wpcf7-form init\" aria-label=\"Formularz kontaktowy\" enctype=\"multipart\/form-data\" novalidate=\"novalidate\" data-status=\"init\">\n<div style=\"display: none;\">\n<input type=\"hidden\" name=\"_wpcf7\" value=\"811\" \/>\n<input type=\"hidden\" name=\"_wpcf7_version\" value=\"5.7.7\" \/>\n<input type=\"hidden\" name=\"_wpcf7_locale\" value=\"pl_PL\" \/>\n<input type=\"hidden\" name=\"_wpcf7_unit_tag\" value=\"wpcf7-f811-o3\" \/>\n<input type=\"hidden\" name=\"_wpcf7_container_post\" value=\"0\" \/>\n<input type=\"hidden\" name=\"_wpcf7_posted_data_hash\" value=\"\" \/>\n<\/div>\n<div class=\"row\">\n\t<div class=\"col-xs-12 col-md-6\">\n\t\t<div class=\"form-group\">\n\t\t\t<p><span class=\"wpcf7-form-control-wrap\" data-name=\"imie\"><input size=\"40\" class=\"wpcf7-form-control wpcf7-text wpcf7-validates-as-required form-control\" aria-required=\"true\" aria-invalid=\"false\" placeholder=\"imie i nazwisko\" value=\"\" type=\"text\" name=\"imie\" \/><\/span>\n\t\t\t<\/p>\n\t\t<\/div>\n\t\t<div class=\"form-group\">\n\t\t\t<p><span class=\"wpcf7-form-control-wrap\" data-name=\"email\"><input size=\"40\" class=\"wpcf7-form-control wpcf7-text wpcf7-email wpcf7-validates-as-required wpcf7-validates-as-email form-control\" aria-required=\"true\" aria-invalid=\"false\" placeholder=\"e-mail\" value=\"\" type=\"email\" name=\"email\" \/><\/span>\n\t\t\t<\/p>\n\t\t<\/div>\n\t\t<div class=\"form-group\">\n\t\t\t<p><span class=\"wpcf7-form-control-wrap\" data-name=\"temat\"><input size=\"40\" class=\"wpcf7-form-control wpcf7-text form-control\" aria-invalid=\"false\" placeholder=\"stanowisko\" value=\"\" type=\"text\" name=\"temat\" \/><\/span>\n\t\t\t<\/p>\n\t\t<\/div>\n\t\t<div class=\"form-group text-right\">\n\t\t\t<p><span class=\"wpcf7-form-control-wrap\" data-name=\"cv\"><input size=\"40\" class=\"wpcf7-form-control wpcf7-file fileinput\" id=\"fileinput\" accept=\".pdf,.doc,.zip\" aria-invalid=\"false\" type=\"file\" name=\"cv\" \/><\/span>\n\t\t\t<\/p>\n\t\t<\/div>\n\t<\/div>\n\t<div class=\"col-xs-12 col-md-6\">\n\t\t<div class=\"form-group\">\n\t\t\t<p><span class=\"wpcf7-form-control-wrap\" data-name=\"wiadomosc\"><textarea cols=\"40\" rows=\"8\" class=\"wpcf7-form-control wpcf7-textarea wpcf7-validates-as-required form-control\" aria-required=\"true\" aria-invalid=\"false\" placeholder=\"dlaczego chcesz z nami pracowa\u0107\" name=\"wiadomosc\"><\/textarea><\/span>\n\t\t\t<\/p>\n\t\t<\/div>\n\t<\/div>\n<\/div>\n<div class=\"row\">\n\t<div class=\"col-xs-12 col-md-6\">\n\t\t<div class=\"form-group\">\n\t\t\t<p>[recaptcha]\n\t\t\t<\/p>\n\t\t<\/div>\n\t<\/div>\n\t<div class=\"col-xs-12 col-md-6\">\n\t\t<div class=\"form-group text-right\">\n\t\t\t<p><button typ=\"submit\" class=\"btn btn-primary\">wy\u015blij<\/button>\n\t\t\t<\/p>\n\t\t<\/div>\n\t<\/div>\n<\/div>\n<p><script>\n$(document).on('ready', function() {\n $(\".fileinput\").fileinput({showPreview: false, browseLabel: \"Dodaj plik\"});\n});\n<\/script>\n<\/p><div class=\"wpcf7-response-output\" aria-hidden=\"true\"><\/div>\n<\/form>\n<\/div>\n                  <\/div>\r\n                              <\/div>\r\n            <\/div>\r\n          <\/div>\r\n                  <div class=\"panel panel-default\">\r\n            <div class=\"panel-heading\" role=\"tab\" id=\"heading-4895\">\r\n              <h3 class=\"panel-title\">\r\n                <span class=\"line\"><\/span>\r\n                <a role=\"button\" data-toggle=\"collapse\" data-parent=\"#workaccordion\" href=\"#collapse-4895\" aria-expanded=\"true\" aria-controls=\"collapse-4895\" class=\"collapsed\">\r\n                  <span>\r\n                                      <\/span>\r\n                  <i class=\"fa fa-chevron-down\" aria-hidden=\"true\"><\/i>\r\n                <\/a>\r\n              <\/h3>\r\n            <\/div>\r\n            <div id=\"collapse-4895\" class=\"panel-collapse collapse\" role=\"tabpanel\" aria-labelledby=\"heading-4895\">\r\n              <div class=\"panel-body\">\r\n                <div class=\"img-wrapper\">\r\n                                 <\/div>\r\n                  <p><a href=\"https:\/\/ietu.pl\/praca-w-ietu\/\"><span style=\"text-decoration: underline;\"><strong>Work at IETU<\/strong><\/span><\/a><\/p>\n                              <\/div>\r\n            <\/div>\r\n          <\/div>\r\n          <\/div>\r\n\r\n    <\/div>\r\n<\/div><\/div><\/div><\/div>","protected":false},"excerpt":{"rendered":"<p>Sta\u017c w IETU Absolwentom uczelni wy\u017cszych (do 30 roku \u017cycia) oferujemy mo\u017cliwo\u015b\u0107 odbycia sta\u017c\u00f3w absolwenckich (maksymalnie 3-miesi\u0119cznych) na podstawie nieodp\u0142atnej umowy zawartej pomi\u0119dzy IETU a absolwentem. [recaptcha] wy\u015blij Praktyka w IETU Studentom ostatnich lat studi\u00f3w oferujemy mo\u017cliwo\u015b\u0107 odbycia praktyk studenckich na podstawie umowy zawartej pomi\u0119dzy IETU a uczelni\u0105 wy\u017csz\u0105.Praktyki zwi\u0105zane s\u0105 z g\u0142\u00f3wn\u0105 dzia\u0142alno\u015bci\u0105 IETU. Od kandydat\u00f3w oczekujemy zaanga\u017cowania oraz motywacji do zdobywania wiedzy i nowych do\u015bwiadcze\u0144.Podczas praktyki studenci wykonuj\u0105 pod nadzorem specjalist\u00f3w z IETU samodzielne zadania zgodne z programem praktyki i kierunkiem studi\u00f3w. Opiekunami praktykant\u00f3w s\u0105 do\u015bwiadczeni pracownicy, kt\u00f3rzy dok\u0142adaj\u0105 stara\u0144, aby praktykanci odnie\u015bli jak najwi\u0119ksze korzy\u015bci z praktycznego zastosowania swojej wiedzy i umiej\u0119tno\u015bci.Praktykantom zapewniamy:mo\u017cliwo\u015b\u0107 poznania \u015brodowiska pracy naukowo-badawczej,okazj\u0119 do bezpo\u015bredniego kontaktu z nowoczesnymi metodami prowadzenia prac badawczych,opiek\u0119 merytoryczn\u0105 do\u015bwiadczonych pracownik\u00f3w IETU,przyjazn\u0105 atmosfer\u0119 sprzyjaj\u0105c\u0105 rozwijaniu umiej\u0119tno\u015bci zawodowych.Termin i czas trwania praktyki ustalamy indywidualnie z kandydatem.Zawieramy umow\u0119 z uczelni\u0105 okre\u015blaj\u0105c\u0105 warunki przyj\u0119cia praktykanta.Praktyki w IETU s\u0105 nieodp\u0142atne. [recaptcha] wy\u015blij Praca w IETU Je\u015bli jeste\u015b zainteresowana\/ny prac\u0105 w IETU, a obecnie nie publikujemy ofert pracy na stanowisko odpowiadaj\u0105ce Twoim kwalifikacjom lub oczekiwaniom, mo\u017cesz przes\u0142a\u0107 do nas swoje dokumenty aplikacyjne (CV, list motywacyjny) za pomoc\u0105 formularza kontaktowego. Twoja kandydatura zostanie rozwa\u017cona w przypadku pojawienia si\u0119 oferty pracy, w kt\u00f3rej nasze wymagania b\u0119d\u0105 zbie\u017cne z Twoimi kwalifikacjami. Zastrzegamy sobie prawo kontaktu tylko z wybranymi osobami. CV kandydata powinno zawiera\u0107 klauzul\u0119 o tre\u015bci: \u201eWyra\u017cam zgod\u0119 na przetwarzanie moich danych osobowych zawartych w mojej aplikacji dla potrzeb obecnych jak i przysz\u0142ych proces\u00f3w rekrutacji prowadzonych w Instytucie Ekologii Teren\u00f3w Uprzemys\u0142owionych, zgodnie z Ustaw\u0105 z dnia 29.08.97 o ochronie danych osobowych, (Dz. U. Nr 133, poz. 883)\u201d. [recaptcha] wy\u015blij Work at IETU<\/p>\n","protected":false},"author":1,"featured_media":0,"parent":0,"menu_order":60,"comment_status":"closed","ping_status":"closed","template":"","meta":[],"aioseo_notices":[],"_links":{"self":[{"href":"https:\/\/ietu.pl\/en\/wp-json\/wp\/v2\/pages\/1279"}],"collection":[{"href":"https:\/\/ietu.pl\/en\/wp-json\/wp\/v2\/pages"}],"about":[{"href":"https:\/\/ietu.pl\/en\/wp-json\/wp\/v2\/types\/page"}],"author":[{"embeddable":true,"href":"https:\/\/ietu.pl\/en\/wp-json\/wp\/v2\/users\/1"}],"replies":[{"embeddable":true,"href":"https:\/\/ietu.pl\/en\/wp-json\/wp\/v2\/comments?post=1279"}],"version-history":[{"count":9,"href":"https:\/\/ietu.pl\/en\/wp-json\/wp\/v2\/pages\/1279\/revisions"}],"predecessor-version":[{"id":24374,"href":"https:\/\/ietu.pl\/en\/wp-json\/wp\/v2\/pages\/1279\/revisions\/24374"}],"wp:attachment":[{"href":"https:\/\/ietu.pl\/en\/wp-json\/wp\/v2\/media?parent=1279"}],"curies":[{"name":"wp","href":"https:\/\/api.w.org\/{rel}","templated":true}]}}