{"id":1535,"date":"2017-02-09T15:09:55","date_gmt":"2017-02-09T14:09:55","guid":{"rendered":"http:\/\/ietu.pl\/services\/ocena-stopnia-zanieczyszczenia-terenu\/"},"modified":"2025-09-19T12:52:28","modified_gmt":"2025-09-19T10:52:28","slug":"site-contamination-assessment","status":"publish","type":"page","link":"https:\/\/ietu.pl\/en\/services\/site-contamination-assessment\/","title":{"rendered":"Site contamination assessment"},"content":{"rendered":"<div id=\"pl-1535\"  class=\"panel-layout\" ><div id=\"pg-1535-0\"  class=\"panel-grid panel-has-style\" ><div class=\"background_repeat panel-row-style panel-row-style-for-1535-0\" ><div id=\"pgc-1535-0-0\"  class=\"panel-grid-cell\" ><div class=\"so-wrapper lead content-black\" style=\"\">\r\n   <p>IETU, with its many years of experience and consultancy services, offers a wide range of research and expertise in determination of land development scenarios based on site contamination degree and health risk assessment.<\/p><\/div>\r\n<div class=\"so-wrapper textwidget content-black\" style=\"\">\r\n    <p>The offer includes research and comprehensive assessment of soil, ground and groundwater contamination in accordance with the amended Environmental Protection Law (Journal of Laws\u00a0 2017, item 519) and the Regulation of the Minister of the Environment on the method of conducting the assessment of land surface contamination (Journal of Laws 2016, item 1395).<\/p>\n<p>IETU also offers assistance to starosts in fulfilling their duty under Art. 101d of the Act of April 27, 2001 - Environmental Protection Law (Journal of Laws 2017, item 519 with further amendments) in the scope of identification and drawing up a list of potential historical land surface contaminants.<\/p>\n<p>The list of potential historical contaminants is developed in accordance with the applicable legislation:<\/p>\n<ol>\n<li>Regulation of the Minister of the Environment of 1 September 2016 on the method of conducting the assessment of land surface contamination (Journal of Laws 2016, item 1395).<\/li>\n<\/ol>\n<ol start=\"2\">\n<li>Guidelines for starosts regarding the identification of potential historical land surface contaminants approved by the Ministry of the Environment<\/li>\n<\/ol>\n<p>\u00a0<\/p><\/div>\r\n<div class=\"so-wrapper add-file \" style=\"\">\r\n  <a class=\"add-file-wrapper\" href=\"https:\/\/ietu.pl\/wp-content\/uploads\/2023\/07\/2023_Offer_site_contamination_assessment_HRA__July_en.pdf\" target=\"_blank\"><i class=\"ietu-ico ietu-pdf\" aria-hidden=\"true\"><\/i><span>Offer - Site contamination assessment \/ health risk assessment (HRA)<\/span>&nbsp;(1.52&nbsp;MB)<\/a><\/div>\r\n<\/div><div id=\"pgc-1535-0-1\"  class=\"panel-grid-cell\" ><div class=\"so-wrapper pracownicy content-black\" style=\" border-left:1px solid #d1d1d1; \">\r\n<div class=\"row row-eq-height\">\r\n        <div class=\"col-xs-12 pracownik-element\">\r\n        <div class=\"pracownik\">\r\n                    <div class=\"pracownik-obraz\">\r\n                    <img width=\"780\" height=\"564\" src=\"https:\/\/ietu.pl\/wp-content\/uploads\/2025\/09\/K.Samborska_Goik_cb_3-780x564.jpg\" class=\"img-responsive\" alt=\"\" decoding=\"async\" loading=\"lazy\" srcset=\"https:\/\/ietu.pl\/wp-content\/uploads\/2025\/09\/K.Samborska_Goik_cb_3.jpg 780w, https:\/\/ietu.pl\/wp-content\/uploads\/2025\/09\/K.Samborska_Goik_cb_3-570x412.jpg 570w, https:\/\/ietu.pl\/wp-content\/uploads\/2025\/09\/K.Samborska_Goik_cb_3-768x555.jpg 768w, https:\/\/ietu.pl\/wp-content\/uploads\/2025\/09\/K.Samborska_Goik_cb_3-138x100.jpg 138w\" sizes=\"(max-width: 780px) 100vw, 780px\" \/>          <\/div>\r\n            <div class=\"pracownik-imie\" onclick=\"praciwnikinfo(this)\">\r\n              Dr. Katarzyna Samborska-Goik            <\/div>\r\n                                  <div class=\"pracownik-stanowisko\">\r\n            Acting Leading Expert - Diagnosing the condition of the environment and adaptation to climate change             <\/div>\r\n                        \r\n                    <div class=\"pracownik-kontakt\">\r\n            <i class=\"fa fa-phone\" aria-hidden=\"true\"><\/i>&nbsp;phone: 32 254 60 31 ext. 139,&nbsp;<a href=\"mailto:k.samborska-goik@ietu.pl\"><i class=\"fa fa-envelope\" aria-hidden=\"true\"><\/i><\/a>          <\/div>\r\n        <\/div>\r\n              <\/div>\r\n    <\/div>\r\n\r\n\r\n    <\/div>\r\n<\/div><\/div><\/div><div id=\"pg-1535-1\"  class=\"panel-grid panel-has-style\" ><div class=\"siteorigin-panels-stretch background_repeat bg-center panel-row-style panel-row-style-for-1535-1\" data-stretch-type=\"full\" ><div id=\"pgc-1535-1-0\"  class=\"panel-grid-cell\" ><div id=\"panel-1535-1-0-0\" class=\"so-panel widget widget_siteorigin-panels-builder panel-first-child panel-last-child\" data-index=\"4\" ><div id=\"pl-w593a71926de88\"  class=\"panel-layout\" ><div id=\"pg-w593a71926de88-0\"  class=\"panel-grid panel-has-style\" ><div class=\"background_repeat panel-row-style panel-row-style-for-w593a71926de88-0\" ><div id=\"pgc-w593a71926de88-0-0\"  class=\"panel-grid-cell\" ><div class=\"so-wrapper textwidget content-black\" style=\"\">\r\n    <h3>References<\/h3><\/div>\r\n<\/div><\/div><\/div><div id=\"pg-w593a71926de88-1\"  class=\"panel-grid panel-has-style\" ><div class=\"background_repeat panel-row-style panel-row-style-for-w593a71926de88-1\" ><div id=\"pgc-w593a71926de88-1-0\"  class=\"panel-grid-cell\" ><div class=\"so-wrapper add-file \" style=\"\">\r\n  <a class=\"add-file-wrapper\" href=\"https:\/\/ietu.pl\/wp-content\/uploads\/2017\/02\/Ocena_zanieczyszcenia_gruntu_referencje_SYNERGIA_Tychy_2016.pdf\" target=\"_blank\"><i class=\"ietu-ico ietu-pdf\" aria-hidden=\"true\"><\/i><span>SYNERGIA, Tychy, 2016 \u2013 Site contamination assessment - Katowicka and Zwierzyniecka Streets in Tychy      <\/span>&nbsp;(387.75&nbsp;kB)<\/a><\/div>\r\n<\/div><div id=\"pgc-w593a71926de88-1-1\"  class=\"panel-grid-cell\" ><div class=\"so-wrapper add-file \" style=\"\">\r\n  <a class=\"add-file-wrapper\" href=\"https:\/\/ietu.pl\/wp-content\/uploads\/2017\/02\/Ocena_zanieczyszcenia_gruntu_referencje_GAPR_Gliwice_2015.pdf\" target=\"_blank\"><i class=\"ietu-ico ietu-pdf\" aria-hidden=\"true\"><\/i><span>G\u00f3rno\u015bl\u0105ska Agencja Przedsi\u0119biorczo\u015bci i Rozwoju \/ Upper Silesian Agency for Entrepreneurship and Development Ltd. (GAPR), Gliwice, 2015 \u2013 Analysis of soil environment in the former coking plant in Gliwice <\/span>&nbsp;(441.10&nbsp;kB)<\/a><\/div>\r\n<\/div><div id=\"pgc-w593a71926de88-1-2\"  class=\"panel-grid-cell\" ><div class=\"so-wrapper add-file \" style=\"\">\r\n  <a class=\"add-file-wrapper\" href=\"https:\/\/ietu.pl\/wp-content\/uploads\/2017\/02\/Ocena_zanieczyszcenia_gruntu_referencje_UM-Gliwice_2015.pdf\" target=\"_blank\"><i class=\"ietu-ico ietu-pdf\" aria-hidden=\"true\"><\/i><span>Urz\u0105d Miejski w Gliwicach \/ Municipal Office in Gliwice, 2015 \u2013 Analysis of soil environment at the former division of sulfuric acid production in Carbochem <\/span>&nbsp;(547.33&nbsp;kB)<\/a><\/div>\r\n<\/div><div id=\"pgc-w593a71926de88-1-3\"  class=\"panel-grid-cell\" ><div class=\"so-wrapper add-file \" style=\"\">\r\n  <a class=\"add-file-wrapper\" href=\"https:\/\/ietu.pl\/wp-content\/uploads\/2017\/02\/Ocena_zanieczyszcenia_gruntu_referencje_ALSTOM_Konstal_Chorzow_2014_2013.pdf\" target=\"_blank\"><i class=\"ietu-ico ietu-pdf\" aria-hidden=\"true\"><\/i><span>ALSTOM Konstal S.A., Chorz\u00f3w, 2014-2013 \u2013 Analysis and assessment of soil contamination and assessment of health and environmental risks  <\/span>&nbsp;(170.31&nbsp;kB)<\/a><\/div>\r\n<\/div><\/div><\/div><div id=\"pg-w593a71926de88-2\"  class=\"panel-grid panel-has-style\" ><div class=\"background_repeat panel-row-style panel-row-style-for-w593a71926de88-2\" ><div id=\"pgc-w593a71926de88-2-0\"  class=\"panel-grid-cell\" ><div class=\"so-wrapper add-file \" style=\"\">\r\n  <a class=\"add-file-wrapper\" href=\"https:\/\/ietu.pl\/wp-content\/uploads\/2017\/02\/Ocena_zanieczyszcenia_gruntu_referencje_SANDVIK_POLSKA_Katowice_2012.pdf\" target=\"_blank\"><i class=\"ietu-ico ietu-pdf\" aria-hidden=\"true\"><\/i><span>SANDVIK POLSKA, Katowice, 2012 \u2013 Assessment of changes in soil contamination  <\/span>&nbsp;(375.82&nbsp;kB)<\/a><\/div>\r\n<\/div><div id=\"pgc-w593a71926de88-2-1\"  class=\"panel-grid-cell panel-grid-cell-empty\" ><\/div><div id=\"pgc-w593a71926de88-2-2\"  class=\"panel-grid-cell panel-grid-cell-empty panel-grid-cell-mobile-last\" ><\/div><div id=\"pgc-w593a71926de88-2-3\"  class=\"panel-grid-cell panel-grid-cell-empty\" ><\/div><\/div><\/div><\/div><\/div><\/div><\/div><\/div><\/div>","protected":false},"excerpt":{"rendered":"<p>IETU, with its many years of experience and consultancy services, offers a wide range of research and expertise in determination of land development scenarios based on site contamination degree and health risk assessment. The offer includes research and comprehensive assessment of soil, ground and groundwater contamination in accordance with the amended Environmental Protection Law (Journal of Laws\u00a0 2017, item 519) and the Regulation of the Minister of the Environment on the method of conducting the assessment of land surface contamination (Journal of Laws 2016, item 1395). IETU also offers assistance to starosts in fulfilling their duty under Art. 101d of the Act of April 27, 2001 &#8211; Environmental Protection Law (Journal of Laws 2017, item 519 with further amendments) in the scope of identification and drawing up a list of potential historical land surface contaminants. The list of potential historical contaminants is developed in accordance with the applicable legislation: Regulation of the Minister of the Environment of 1 September 2016 on the method of conducting the assessment of land surface contamination (Journal of Laws 2016, item 1395). Guidelines for starosts regarding the identification of potential historical land surface contaminants approved by the Ministry of the Environment \u00a0 Offer &#8211; Site contamination assessment \/ health risk assessment (HRA)&nbsp;(1.52&nbsp;MB) Dr. Katarzyna Samborska-Goik Acting Leading Expert &#8211; Diagnosing the condition of the environment and adaptation to climate change &nbsp;phone: 32 254 60 31 ext. 139,&nbsp; References SYNERGIA, Tychy, 2016 \u2013 Site contamination assessment &#8211; Katowicka and Zwierzyniecka Streets in Tychy &nbsp;(387.75&nbsp;kB) G\u00f3rno\u015bl\u0105ska Agencja Przedsi\u0119biorczo\u015bci i Rozwoju \/ Upper Silesian Agency for Entrepreneurship and Development Ltd. (GAPR), Gliwice, 2015 \u2013 Analysis of soil environment in the former coking plant in Gliwice &nbsp;(441.10&nbsp;kB) Urz\u0105d Miejski w Gliwicach \/ Municipal Office in Gliwice, 2015 \u2013 Analysis of soil environment at the former division of sulfuric acid production in Carbochem &nbsp;(547.33&nbsp;kB) ALSTOM Konstal S.A., Chorz\u00f3w, 2014-2013 \u2013 Analysis and assessment of soil contamination and assessment of health and environmental risks &nbsp;(170.31&nbsp;kB) SANDVIK POLSKA, Katowice, 2012 \u2013 Assessment of changes in soil contamination &nbsp;(375.82&nbsp;kB)<\/p>\n","protected":false},"author":1,"featured_media":0,"parent":1304,"menu_order":52,"comment_status":"closed","ping_status":"closed","template":"","meta":[],"aioseo_notices":[],"_links":{"self":[{"href":"https:\/\/ietu.pl\/en\/wp-json\/wp\/v2\/pages\/1535"}],"collection":[{"href":"https:\/\/ietu.pl\/en\/wp-json\/wp\/v2\/pages"}],"about":[{"href":"https:\/\/ietu.pl\/en\/wp-json\/wp\/v2\/types\/page"}],"author":[{"embeddable":true,"href":"https:\/\/ietu.pl\/en\/wp-json\/wp\/v2\/users\/1"}],"replies":[{"embeddable":true,"href":"https:\/\/ietu.pl\/en\/wp-json\/wp\/v2\/comments?post=1535"}],"version-history":[{"count":33,"href":"https:\/\/ietu.pl\/en\/wp-json\/wp\/v2\/pages\/1535\/revisions"}],"predecessor-version":[{"id":28593,"href":"https:\/\/ietu.pl\/en\/wp-json\/wp\/v2\/pages\/1535\/revisions\/28593"}],"up":[{"embeddable":true,"href":"https:\/\/ietu.pl\/en\/wp-json\/wp\/v2\/pages\/1304"}],"wp:attachment":[{"href":"https:\/\/ietu.pl\/en\/wp-json\/wp\/v2\/media?parent=1535"}],"curies":[{"name":"wp","href":"https:\/\/api.w.org\/{rel}","templated":true}]}}