{"id":1550,"date":"2017-06-06T15:08:11","date_gmt":"2017-06-06T13:08:11","guid":{"rendered":"http:\/\/ietu.pl\/?page_id=1550\/"},"modified":"2024-12-05T09:03:47","modified_gmt":"2024-12-05T08:03:47","slug":"waste-and-resource-management2","status":"publish","type":"page","link":"https:\/\/ietu.pl\/en\/services\/waste-and-resource-management2\/","title":{"rendered":"Waste and resource management"},"content":{"rendered":"<div id=\"pl-1550\"  class=\"panel-layout\" ><div id=\"pg-1550-0\"  class=\"panel-grid panel-has-style\" ><div class=\"background_repeat panel-row-style panel-row-style-for-1550-0\" ><div id=\"pgc-1550-0-0\"  class=\"panel-grid-cell\" ><div class=\"so-wrapper lead content-black\" style=\"\">\r\n   <p>IETU has more than 40 years of experience in waste management. Our experts combine technical skills with experience in consulting and planning of waste management at a national, municipal or enterprise level.<\/p><\/div>\r\n<div class=\"so-wrapper textwidget content-black\" style=\"\">\r\n    <p>IETU offers services in the following areas:<\/p>\n<ul>\n<li>development of municipal and industrial waste management programmes on a regional and local scale<\/li>\n<li>optimisation of municipal waste management for public utilities enterprises, municipalities and districts (including material balance, water and sewage management, biogas production, acoustic impacts - for the existing state and\/or planned changes);<\/li>\n<li>monitoring of waste management facilities, including all kinds of landfill site impacts, landfill site modelling and assessment of its variability over time,<\/li>\n<li>analysis of waste streams for secondary fuels and determination of fuel properties and the contents of the produced fuels,<\/li>\n<li>waste analyses - from a representative sampling scheme and its implementation to morphological and physicochemical analysis of by-products and waste, conformity tests, safety data sheets, the share of components for the recovery of materials or energy, including possibilities of other uses and applications,<\/li>\n<li>development of concepts for recovery of areas occupied by landfills,<\/li>\n<li>environmental noise measurements (IETU is accredited in this field).<\/li>\n<\/ul>\n<\/div>\r\n<div class=\"so-wrapper add-file \" style=\"\">\r\n  <a class=\"add-file-wrapper\" href=\"https:\/\/ietu.pl\/wp-content\/uploads\/2023\/07\/2023_Offer_Monitoring_of_waste_management_installation_and_waste_analyses.pdf\" target=\"_blank\"><i class=\"ietu-ico ietu-pdf\" aria-hidden=\"true\"><\/i><span>Offer - Monitoring of waste management installation and waste analyses<\/span>&nbsp;(1.60&nbsp;MB)<\/a><\/div>\r\n<div class=\"so-wrapper add-file \" style=\"\">\r\n  <a class=\"add-file-wrapper\" href=\"https:\/\/ietu.pl\/wp-content\/uploads\/2023\/07\/2023_Offer_Monitoring_of_landfills_EN.pdf\" target=\"_blank\"><i class=\"ietu-ico ietu-pdf\" aria-hidden=\"true\"><\/i><span>Offer - Monitoring of landfills <\/span>&nbsp;(2.07&nbsp;MB)<\/a><\/div>\r\n<\/div><div id=\"pgc-1550-0-1\"  class=\"panel-grid-cell\" ><div class=\"so-wrapper pracownicy content-black\" style=\" border-left:1px solid #d1d1d1; \">\r\n<div class=\"row row-eq-height\">\r\n        <div class=\"col-xs-12 pracownik-element\">\r\n        <div class=\"pracownik\">\r\n                    <div class=\"pracownik-obraz\">\r\n                    <img width=\"780\" height=\"564\" src=\"https:\/\/ietu.pl\/wp-content\/uploads\/2017\/02\/Marek-Matejczyk-Sesja-IETU-portrety-FINAL-4737.jpg\" class=\"img-responsive\" alt=\"\" decoding=\"async\" loading=\"lazy\" srcset=\"https:\/\/ietu.pl\/wp-content\/uploads\/2017\/02\/Marek-Matejczyk-Sesja-IETU-portrety-FINAL-4737.jpg 780w, https:\/\/ietu.pl\/wp-content\/uploads\/2017\/02\/Marek-Matejczyk-Sesja-IETU-portrety-FINAL-4737-570x412.jpg 570w, https:\/\/ietu.pl\/wp-content\/uploads\/2017\/02\/Marek-Matejczyk-Sesja-IETU-portrety-FINAL-4737-768x555.jpg 768w, https:\/\/ietu.pl\/wp-content\/uploads\/2017\/02\/Marek-Matejczyk-Sesja-IETU-portrety-FINAL-4737-138x100.jpg 138w\" sizes=\"(max-width: 780px) 100vw, 780px\" \/>          <\/div>\r\n            <div class=\"pracownik-imie\" onclick=\"praciwnikinfo(this)\">\r\n              Marek Matejczyk            <\/div>\r\n                                  <div class=\"pracownik-stanowisko\">\r\n            Leading expert - Waste and resource management            <\/div>\r\n                        \r\n                    <div class=\"pracownik-kontakt\">\r\n            <i class=\"fa fa-phone\" aria-hidden=\"true\"><\/i>&nbsp;phone: 32 254 60 31 ext. 235,&nbsp;<a href=\"mailto:m.matejczyk@ietu.pl\"><i class=\"fa fa-envelope\" aria-hidden=\"true\"><\/i><\/a>          <\/div>\r\n        <\/div>\r\n              <\/div>\r\n    <\/div>\r\n\r\n\r\n    <\/div>\r\n<\/div><\/div><\/div><div id=\"pg-1550-1\"  class=\"panel-grid panel-has-style\" ><div class=\"siteorigin-panels-stretch background_repeat bg-center panel-row-style panel-row-style-for-1550-1\" data-stretch-type=\"full\" ><div id=\"pgc-1550-1-0\"  class=\"panel-grid-cell\" ><div id=\"panel-1550-1-0-0\" class=\"so-panel widget widget_siteorigin-panels-builder panel-first-child panel-last-child\" data-index=\"5\" ><div id=\"pl-w593fde02734a5\"  class=\"panel-layout\" ><div id=\"pg-w593fde02734a5-0\"  class=\"panel-grid panel-has-style\" ><div class=\"background_repeat panel-row-style panel-row-style-for-w593fde02734a5-0\" ><div id=\"pgc-w593fde02734a5-0-0\"  class=\"panel-grid-cell\" ><div class=\"so-wrapper textwidget content-black\" style=\"\">\r\n    <h3>References<\/h3><\/div>\r\n<\/div><\/div><\/div><div id=\"pg-w593fde02734a5-1\"  class=\"panel-grid panel-has-style\" ><div class=\"background_repeat panel-row-style panel-row-style-for-w593fde02734a5-1\" ><div id=\"pgc-w593fde02734a5-1-0\"  class=\"panel-grid-cell\" ><div class=\"so-wrapper add-file \" style=\"\">\r\n  <a class=\"add-file-wrapper\" href=\"https:\/\/ietu.pl\/wp-content\/uploads\/2017\/03\/Odpady_referencje_Eneris_surowce_ZGOK_Balin_badanie_stabilizatu_2016.pdf\" target=\"_blank\"><i class=\"ietu-ico ietu-pdf\" aria-hidden=\"true\"><\/i><span>Zak\u0142ady Gospodarki Komunalnej \/ Public Utility Plant, Balin, 2016 - Stabilised waste analysis <\/span>&nbsp;(144.75&nbsp;kB)<\/a><\/div>\r\n<\/div><div id=\"pgc-w593fde02734a5-1-1\"  class=\"panel-grid-cell\" ><div class=\"so-wrapper add-file \" style=\"\">\r\n  <a class=\"add-file-wrapper\" href=\"https:\/\/ietu.pl\/wp-content\/uploads\/2017\/03\/Odpady_referencje_ZOiSOK_Lesno_Gorne_monitoring_skladowiska_2015_2012.pdf\" target=\"_blank\"><i class=\"ietu-ico ietu-pdf\" aria-hidden=\"true\"><\/i><span>Zak\u0142ad Odzysku i Sk\u0142adowania Odpad\u00f3w \/ Waste Recovery and Disposal Plant, Le\u015bno G\u00f3rne, 2015-2012 - Landfill monitoring  <\/span>&nbsp;(680.14&nbsp;kB)<\/a><\/div>\r\n<\/div><div id=\"pgc-w593fde02734a5-1-2\"  class=\"panel-grid-cell panel-grid-cell-mobile-last\" ><div class=\"so-wrapper add-file \" style=\"\">\r\n  <a class=\"add-file-wrapper\" href=\"https:\/\/ietu.pl\/wp-content\/uploads\/2017\/03\/Odpady_referencje_PUO_Swidnica_badania_morfologiczne_odpadow_2014.pdf\" target=\"_blank\"><i class=\"ietu-ico ietu-pdf\" aria-hidden=\"true\"><\/i><span>Przedsi\u0119biorstwo Utylizacji Odpad\u00f3w \/ Waste Utilisation Company, \u015awidnica, 2014 - Morphological analysis of waste  <\/span>&nbsp;(172.12&nbsp;kB)<\/a><\/div>\r\n<\/div><div id=\"pgc-w593fde02734a5-1-3\"  class=\"panel-grid-cell panel-grid-cell-empty\" ><\/div><\/div><\/div><\/div><\/div><\/div><\/div><\/div><\/div>","protected":false},"excerpt":{"rendered":"<p>IETU has more than 40 years of experience in waste management. Our experts combine technical skills with experience in consulting and planning of waste management at a national, municipal or enterprise level. IETU offers services in the following areas: development of municipal and industrial waste management programmes on a regional and local scale optimisation of municipal waste management for public utilities enterprises, municipalities and districts (including material balance, water and sewage management, biogas production, acoustic impacts &#8211; for the existing state and\/or planned changes); monitoring of waste management facilities, including all kinds of landfill site impacts, landfill site modelling and assessment of its variability over time, analysis of waste streams for secondary fuels and determination of fuel properties and the contents of the produced fuels, waste analyses &#8211; from a representative sampling scheme and its implementation to morphological and physicochemical analysis of by-products and waste, conformity tests, safety data sheets, the share of components for the recovery of materials or energy, including possibilities of other uses and applications, development of concepts for recovery of areas occupied by landfills, environmental noise measurements (IETU is accredited in this field). Offer &#8211; Monitoring of waste management installation and waste analyses&nbsp;(1.60&nbsp;MB) Offer &#8211; Monitoring of landfills &nbsp;(2.07&nbsp;MB) Marek Matejczyk Leading expert &#8211; Waste and resource management &nbsp;phone: 32 254 60 31 ext. 235,&nbsp; References Zak\u0142ady Gospodarki Komunalnej \/ Public Utility Plant, Balin, 2016 &#8211; Stabilised waste analysis &nbsp;(144.75&nbsp;kB) Zak\u0142ad Odzysku i Sk\u0142adowania Odpad\u00f3w \/ Waste Recovery and Disposal Plant, Le\u015bno G\u00f3rne, 2015-2012 &#8211; Landfill monitoring &nbsp;(680.14&nbsp;kB) Przedsi\u0119biorstwo Utylizacji Odpad\u00f3w \/ Waste Utilisation Company, \u015awidnica, 2014 &#8211; Morphological analysis of waste &nbsp;(172.12&nbsp;kB)<\/p>\n","protected":false},"author":1,"featured_media":0,"parent":1304,"menu_order":34,"comment_status":"closed","ping_status":"closed","template":"","meta":[],"aioseo_notices":[],"_links":{"self":[{"href":"https:\/\/ietu.pl\/en\/wp-json\/wp\/v2\/pages\/1550"}],"collection":[{"href":"https:\/\/ietu.pl\/en\/wp-json\/wp\/v2\/pages"}],"about":[{"href":"https:\/\/ietu.pl\/en\/wp-json\/wp\/v2\/types\/page"}],"author":[{"embeddable":true,"href":"https:\/\/ietu.pl\/en\/wp-json\/wp\/v2\/users\/1"}],"replies":[{"embeddable":true,"href":"https:\/\/ietu.pl\/en\/wp-json\/wp\/v2\/comments?post=1550"}],"version-history":[{"count":24,"href":"https:\/\/ietu.pl\/en\/wp-json\/wp\/v2\/pages\/1550\/revisions"}],"predecessor-version":[{"id":26897,"href":"https:\/\/ietu.pl\/en\/wp-json\/wp\/v2\/pages\/1550\/revisions\/26897"}],"up":[{"embeddable":true,"href":"https:\/\/ietu.pl\/en\/wp-json\/wp\/v2\/pages\/1304"}],"wp:attachment":[{"href":"https:\/\/ietu.pl\/en\/wp-json\/wp\/v2\/media?parent=1550"}],"curies":[{"name":"wp","href":"https:\/\/api.w.org\/{rel}","templated":true}]}}