{"id":1571,"date":"2017-03-02T09:36:44","date_gmt":"2017-03-02T08:36:44","guid":{"rendered":"http:\/\/ietu.pl\/services\/mikrobiologia-srodowiska\/"},"modified":"2026-01-30T08:15:54","modified_gmt":"2026-01-30T07:15:54","slug":"environmental-microbiology2","status":"publish","type":"page","link":"https:\/\/ietu.pl\/en\/services\/environmental-microbiology2\/","title":{"rendered":"Environmental microbiology"},"content":{"rendered":"<div id=\"pl-1571\"  class=\"panel-layout\" ><div id=\"pg-1571-0\"  class=\"panel-grid panel-has-style\" ><div class=\"background_repeat panel-row-style panel-row-style-for-1571-0\" ><div id=\"pgc-1571-0-0\"  class=\"panel-grid-cell\" ><div class=\"so-wrapper textwidget content-black\" style=\"\">\r\n    <p><strong>IETU offers microbiological analyses and assessment:<\/strong><\/p><ul><li>microbiological analysis of air in compliance with regulations in force,<\/li><li>assessment of microbiological contamination of outdoor air, e.g. in the vicinity of sewage<\/li><li>treatment plants, landfills, composting plants,<\/li><li>assessment of microbiological contamination of office buildings and industrial premises,<br \/> occupational health risk assessment, microbiological risk factors at the workplace,<\/li><li>microbiological analysis of water, sewage, sewage sludge, compost, biomass, and food,<br \/> assessment of environmental contamination (water, air, soil, sewage) using biotests.<\/li><\/ul><p>\u00a0<\/p><\/div>\r\n<\/div><div id=\"pgc-1571-0-1\"  class=\"panel-grid-cell\" ><div class=\"so-wrapper pracownicy content-black\" style=\" border-left:1px solid #d1d1d1; \">\r\n<div class=\"row row-eq-height\">\r\n        <div class=\"col-xs-12 pracownik-element\">\r\n        <div class=\"pracownik\">\r\n                    <div class=\"pracownik-obraz\">\r\n                    <img width=\"780\" height=\"564\" src=\"https:\/\/ietu.pl\/wp-content\/uploads\/2017\/02\/Grazyna-Plaza-zdjecie_wg_miesiaca_Page_05.jpg\" class=\"img-responsive\" alt=\"\" decoding=\"async\" loading=\"lazy\" srcset=\"https:\/\/ietu.pl\/wp-content\/uploads\/2017\/02\/Grazyna-Plaza-zdjecie_wg_miesiaca_Page_05.jpg 780w, https:\/\/ietu.pl\/wp-content\/uploads\/2017\/02\/Grazyna-Plaza-zdjecie_wg_miesiaca_Page_05-570x412.jpg 570w, https:\/\/ietu.pl\/wp-content\/uploads\/2017\/02\/Grazyna-Plaza-zdjecie_wg_miesiaca_Page_05-768x555.jpg 768w, https:\/\/ietu.pl\/wp-content\/uploads\/2017\/02\/Grazyna-Plaza-zdjecie_wg_miesiaca_Page_05-138x100.jpg 138w\" sizes=\"(max-width: 780px) 100vw, 780px\" \/>          <\/div>\r\n            <div class=\"pracownik-imie\" onclick=\"praciwnikinfo(this)\">\r\n              Prof. Gra\u017cyna P\u0142aza            <\/div>\r\n                                  <div class=\"pracownik-stanowisko\">\r\n            Leading expert - Environmental microbiology              <\/div>\r\n                        \r\n                    <div class=\"pracownik-kontakt\">\r\n            <i class=\"fa fa-phone\" aria-hidden=\"true\"><\/i>&nbsp;phone: 32 254 60 31 ext. 246,&nbsp;<a href=\"mailto:m.plaza@ietu.pl\"><i class=\"fa fa-envelope\" aria-hidden=\"true\"><\/i><\/a>          <\/div>\r\n        <\/div>\r\n              <\/div>\r\n    <\/div>\r\n\r\n\r\n    <\/div>\r\n<\/div><\/div><\/div><div id=\"pg-1571-1\"  class=\"panel-grid panel-has-style\" ><div class=\"siteorigin-panels-stretch background_repeat bg-center panel-row-style panel-row-style-for-1571-1\" data-stretch-type=\"full\" ><div id=\"pgc-1571-1-0\"  class=\"panel-grid-cell\" ><div id=\"panel-1571-1-0-0\" class=\"so-panel widget widget_siteorigin-panels-builder panel-first-child panel-last-child\" data-index=\"2\" ><div id=\"pl-w5936ac76cd59c\"  class=\"panel-layout\" ><div id=\"pg-w5936ac76cd59c-0\"  class=\"panel-grid panel-has-style\" ><div class=\"background_repeat panel-row-style panel-row-style-for-w5936ac76cd59c-0\" ><div id=\"pgc-w5936ac76cd59c-0-0\"  class=\"panel-grid-cell\" ><div class=\"so-wrapper textwidget content-black\" style=\"\">\r\n    <h3>References<\/h3><\/div>\r\n<\/div><\/div><\/div><div id=\"pg-w5936ac76cd59c-1\"  class=\"panel-grid panel-has-style\" ><div class=\"background_repeat panel-row-style panel-row-style-for-w5936ac76cd59c-1\" ><div id=\"pgc-w5936ac76cd59c-1-0\"  class=\"panel-grid-cell\" ><div class=\"so-wrapper add-file \" style=\"\">\r\n  <a class=\"add-file-wrapper\" href=\"https:\/\/ietu.pl\/wp-content\/uploads\/2017\/03\/Mikrobiologia_referencje_Arcadis_Wroclaw_analiza_mikrobiologiczna_gleby_wody_2016.pdf\" target=\"_blank\"><i class=\"ietu-ico ietu-pdf\" aria-hidden=\"true\"><\/i><span>Arcadis, Wroc\u0142aw, 2016 \u2013 Microbiological analysis of soil and water  <\/span>&nbsp;(42.60&nbsp;kB)<\/a><\/div>\r\n<\/div><div id=\"pgc-w5936ac76cd59c-1-1\"  class=\"panel-grid-cell\" ><div class=\"so-wrapper add-file \" style=\"\">\r\n  <a class=\"add-file-wrapper\" href=\"https:\/\/ietu.pl\/wp-content\/uploads\/2017\/03\/2017_05_31_Arcadis_Wroclaw_analiza_mikrobiologiczna_wody.pdf\" target=\"_blank\"><i class=\"ietu-ico ietu-pdf\" aria-hidden=\"true\"><\/i><span>Arcadis, Wroc\u0142aw, 2017 \u2013 Microbiological analysis of water  <\/span>&nbsp;(38.45&nbsp;kB)<\/a><\/div>\r\n<\/div><div id=\"pgc-w5936ac76cd59c-1-2\"  class=\"panel-grid-cell panel-grid-cell-empty panel-grid-cell-mobile-last\" ><\/div><div id=\"pgc-w5936ac76cd59c-1-3\"  class=\"panel-grid-cell panel-grid-cell-empty\" ><\/div><\/div><\/div><\/div><\/div><\/div><\/div><\/div><\/div>","protected":false},"excerpt":{"rendered":"<p>IETU offers microbiological analyses and assessment:microbiological analysis of air in compliance with regulations in force,assessment of microbiological contamination of outdoor air, e.g. in the vicinity of sewagetreatment plants, landfills, composting plants,assessment of microbiological contamination of office buildings and industrial premises, occupational health risk assessment, microbiological risk factors at the workplace,microbiological analysis of water, sewage, sewage sludge, compost, biomass, and food, assessment of environmental contamination (water, air, soil, sewage) using biotests.\u00a0 Prof. Gra\u017cyna P\u0142aza Leading expert &#8211; Environmental microbiology &nbsp;phone: 32 254 60 31 ext. 246,&nbsp; References Arcadis, Wroc\u0142aw, 2016 \u2013 Microbiological analysis of soil and water &nbsp;(42.60&nbsp;kB) Arcadis, Wroc\u0142aw, 2017 \u2013 Microbiological analysis of water &nbsp;(38.45&nbsp;kB)<\/p>\n","protected":false},"author":1,"featured_media":0,"parent":1304,"menu_order":43,"comment_status":"closed","ping_status":"closed","template":"","meta":[],"aioseo_notices":[],"_links":{"self":[{"href":"https:\/\/ietu.pl\/en\/wp-json\/wp\/v2\/pages\/1571"}],"collection":[{"href":"https:\/\/ietu.pl\/en\/wp-json\/wp\/v2\/pages"}],"about":[{"href":"https:\/\/ietu.pl\/en\/wp-json\/wp\/v2\/types\/page"}],"author":[{"embeddable":true,"href":"https:\/\/ietu.pl\/en\/wp-json\/wp\/v2\/users\/1"}],"replies":[{"embeddable":true,"href":"https:\/\/ietu.pl\/en\/wp-json\/wp\/v2\/comments?post=1571"}],"version-history":[{"count":17,"href":"https:\/\/ietu.pl\/en\/wp-json\/wp\/v2\/pages\/1571\/revisions"}],"predecessor-version":[{"id":29575,"href":"https:\/\/ietu.pl\/en\/wp-json\/wp\/v2\/pages\/1571\/revisions\/29575"}],"up":[{"embeddable":true,"href":"https:\/\/ietu.pl\/en\/wp-json\/wp\/v2\/pages\/1304"}],"wp:attachment":[{"href":"https:\/\/ietu.pl\/en\/wp-json\/wp\/v2\/media?parent=1571"}],"curies":[{"name":"wp","href":"https:\/\/api.w.org\/{rel}","templated":true}]}}