{"id":1627,"date":"2017-03-02T09:35:22","date_gmt":"2017-03-02T08:35:22","guid":{"rendered":"http:\/\/ietu.pl\/services\/przeksztalcanie-srodowiska-zurbanizowanego\/"},"modified":"2025-09-19T12:40:31","modified_gmt":"2025-09-19T10:40:31","slug":"transformations-of-urbanised-environment2","status":"publish","type":"page","link":"https:\/\/ietu.pl\/en\/services\/transformations-of-urbanised-environment2\/","title":{"rendered":"Transformations of urbanised environment"},"content":{"rendered":"<div id=\"pl-1627\"  class=\"panel-layout\" ><div id=\"pg-1627-0\"  class=\"panel-grid panel-has-style\" ><div class=\"background_repeat panel-row-style panel-row-style-for-1627-0\" ><div id=\"pgc-1627-0-0\"  class=\"panel-grid-cell\" ><div class=\"so-wrapper textwidget content-black\" style=\"\">\r\n    <p><strong>IETU offers a wide range of services for local government units, in that:<\/strong><\/p><ul><li>development of urban plans for adaptation to climate change,<\/li><li>urban planning and spatial studies based on GIS,<\/li><li>delimitation of functional areas,<\/li><li>development plans for functional areas,<\/li><li>revitalisation programmes for cities and functional areas,<\/li><li>visualisation of spatial data based on maps developed for the needs of the above-mentionedn services.<\/li><\/ul><\/div>\r\n<div class=\"so-wrapper add-file \" style=\"\">\r\n  <a class=\"add-file-wrapper\" href=\"https:\/\/ietu.pl\/wp-content\/uploads\/2025\/04\/Oferta_Surface_Urban_Heat_Island.pdf\" target=\"_blank\"><i class=\"ietu-ico ietu-pdf\" aria-hidden=\"true\"><\/i><span>Offer - Surface Urban Heat Island (SUHI)<\/span>&nbsp;(4.95&nbsp;MB)<\/a><\/div>\r\n<\/div><div id=\"pgc-1627-0-1\"  class=\"panel-grid-cell\" ><div class=\"so-wrapper pracownicy content-black\" style=\" border-left:1px solid #d1d1d1; \">\r\n<div class=\"row row-eq-height\">\r\n        <div class=\"col-xs-12 pracownik-element\">\r\n        <div class=\"pracownik\">\r\n                    <div class=\"pracownik-obraz\">\r\n                    <img width=\"780\" height=\"564\" src=\"https:\/\/ietu.pl\/wp-content\/uploads\/2017\/02\/Piotr-Cofalka-Sesja-IETU-portrety-FINAL-2325-780x564.jpg\" class=\"img-responsive\" alt=\"\" decoding=\"async\" loading=\"lazy\" \/>          <\/div>\r\n            <div class=\"pracownik-imie\" onclick=\"praciwnikinfo(this)\">\r\n              Piotr Cofa\u0142ka            <\/div>\r\n                                  <div class=\"pracownik-stanowisko\">\r\n            Acting Leading Expert - Climate neutral and smart cities             <\/div>\r\n                        \r\n                    <div class=\"pracownik-kontakt\">\r\n            <i class=\"fa fa-phone\" aria-hidden=\"true\"><\/i>&nbsp;phone: 32 254 60 31 ext. 154,&nbsp;<a href=\"mailto:p.cofalka@ietu.pl\"><i class=\"fa fa-envelope\" aria-hidden=\"true\"><\/i><\/a>          <\/div>\r\n        <\/div>\r\n              <\/div>\r\n    <\/div>\r\n\r\n\r\n    <\/div>\r\n<\/div><\/div><\/div><div id=\"pg-1627-1\"  class=\"panel-grid panel-has-style\" ><div class=\"siteorigin-panels-stretch background_repeat bg-center panel-row-style panel-row-style-for-1627-1\" data-stretch-type=\"full\" ><div id=\"pgc-1627-1-0\"  class=\"panel-grid-cell\" ><div id=\"panel-1627-1-0-0\" class=\"so-panel widget widget_siteorigin-panels-builder panel-first-child panel-last-child\" data-index=\"3\" ><div id=\"pl-w593a6fc2b8541\"  class=\"panel-layout\" ><div id=\"pg-w593a6fc2b8541-0\"  class=\"panel-grid panel-has-style\" ><div class=\"background_repeat panel-row-style panel-row-style-for-w593a6fc2b8541-0\" ><div id=\"pgc-w593a6fc2b8541-0-0\"  class=\"panel-grid-cell\" ><div class=\"so-wrapper textwidget content-black\" style=\"\">\r\n    <h3>References<\/h3><\/div>\r\n<\/div><\/div><\/div><div id=\"pg-w593a6fc2b8541-1\"  class=\"panel-grid panel-has-style\" ><div class=\"background_repeat panel-row-style panel-row-style-for-w593a6fc2b8541-1\" ><div id=\"pgc-w593a6fc2b8541-1-0\"  class=\"panel-grid-cell\" ><div class=\"so-wrapper add-file \" style=\"\">\r\n  <a class=\"add-file-wrapper\" href=\"https:\/\/ietu.pl\/wp-content\/uploads\/2017\/03\/Przeksztalcenia_referencje_Lokalny_program_rewitalizacji_Chorzowa_do_2030_2015.pdf\" target=\"_blank\"><i class=\"ietu-ico ietu-pdf\" aria-hidden=\"true\"><\/i><span>Urz\u0105d Miasta Chorz\u00f3w \/ Chorz\u00f3w City Hall, 2015 - Local revitalisation programme for Chorz\u00f3w by  2030 <\/span>&nbsp;(394.93&nbsp;kB)<\/a><\/div>\r\n<\/div><div id=\"pgc-w593a6fc2b8541-1-1\"  class=\"panel-grid-cell\" ><div class=\"so-wrapper add-file \" style=\"\">\r\n  <a class=\"add-file-wrapper\" href=\"https:\/\/ietu.pl\/wp-content\/uploads\/2017\/03\/Przeksztalcenia_referencje_ZPROF_Chorzow_Ruda_Sl_Swietochlowice_2015.pdf\" target=\"_blank\"><i class=\"ietu-ico ietu-pdf\" aria-hidden=\"true\"><\/i><span>Urz\u0105d Miasta Chorz\u00f3w \/ Chorz\u00f3w City Hall, 2015 - Integrated revitalisation programme for functional areas in Chorz\u00f3w, Ruda \u015al\u0105ska and \u015awi\u0119toch\u0142owice by 2030 <\/span>&nbsp;(401.28&nbsp;kB)<\/a><\/div>\r\n<\/div><div id=\"pgc-w593a6fc2b8541-1-2\"  class=\"panel-grid-cell\" ><div class=\"so-wrapper add-file \" style=\"\">\r\n  <a class=\"add-file-wrapper\" href=\"https:\/\/ietu.pl\/wp-content\/uploads\/2017\/03\/Przeksztalcenia_referencje_MS_referencje_wytyczne_do_miejskiej_strategii_adaptacyjnej_2014.pdf\" target=\"_blank\"><i class=\"ietu-ico ietu-pdf\" aria-hidden=\"true\"><\/i><span>Ministerstwo \u015arodowiska \/ Ministry of the Environment, 2014 - Guidelines for development of urban adaptation strategy  <\/span>&nbsp;(83.53&nbsp;kB)<\/a><\/div>\r\n<\/div><div id=\"pgc-w593a6fc2b8541-1-3\"  class=\"panel-grid-cell\" ><div class=\"so-wrapper add-file \" style=\"\">\r\n  <a class=\"add-file-wrapper\" href=\"https:\/\/ietu.pl\/wp-content\/uploads\/2017\/03\/Przeksztalcenia_referencje_UM_Chorzow_obszar_funkcjonalny_2013.pdf\" target=\"_blank\"><i class=\"ietu-ico ietu-pdf\" aria-hidden=\"true\"><\/i><span>Urz\u0105d Miasta Chorz\u00f3w \/ Chorz\u00f3w City Hall, 2013 - Determination of functional area through identification and delimitation <\/span>&nbsp;(426.54&nbsp;kB)<\/a><\/div>\r\n<\/div><\/div><\/div><\/div><\/div><\/div><\/div><\/div><\/div>","protected":false},"excerpt":{"rendered":"<p>IETU offers a wide range of services for local government units, in that:development of urban plans for adaptation to climate change,urban planning and spatial studies based on GIS,delimitation of functional areas,development plans for functional areas,revitalisation programmes for cities and functional areas,visualisation of spatial data based on maps developed for the needs of the above-mentionedn services. Offer &#8211; Surface Urban Heat Island (SUHI)&nbsp;(4.95&nbsp;MB) Piotr Cofa\u0142ka Acting Leading Expert &#8211; Climate neutral and smart cities &nbsp;phone: 32 254 60 31 ext. 154,&nbsp; References Urz\u0105d Miasta Chorz\u00f3w \/ Chorz\u00f3w City Hall, 2015 &#8211; Local revitalisation programme for Chorz\u00f3w by 2030 &nbsp;(394.93&nbsp;kB) Urz\u0105d Miasta Chorz\u00f3w \/ Chorz\u00f3w City Hall, 2015 &#8211; Integrated revitalisation programme for functional areas in Chorz\u00f3w, Ruda \u015al\u0105ska and \u015awi\u0119toch\u0142owice by 2030 &nbsp;(401.28&nbsp;kB) Ministerstwo \u015arodowiska \/ Ministry of the Environment, 2014 &#8211; Guidelines for development of urban adaptation strategy &nbsp;(83.53&nbsp;kB) Urz\u0105d Miasta Chorz\u00f3w \/ Chorz\u00f3w City Hall, 2013 &#8211; Determination of functional area through identification and delimitation &nbsp;(426.54&nbsp;kB)<\/p>\n","protected":false},"author":1,"featured_media":0,"parent":1304,"menu_order":68,"comment_status":"closed","ping_status":"closed","template":"","meta":[],"aioseo_notices":[],"_links":{"self":[{"href":"https:\/\/ietu.pl\/en\/wp-json\/wp\/v2\/pages\/1627"}],"collection":[{"href":"https:\/\/ietu.pl\/en\/wp-json\/wp\/v2\/pages"}],"about":[{"href":"https:\/\/ietu.pl\/en\/wp-json\/wp\/v2\/types\/page"}],"author":[{"embeddable":true,"href":"https:\/\/ietu.pl\/en\/wp-json\/wp\/v2\/users\/1"}],"replies":[{"embeddable":true,"href":"https:\/\/ietu.pl\/en\/wp-json\/wp\/v2\/comments?post=1627"}],"version-history":[{"count":19,"href":"https:\/\/ietu.pl\/en\/wp-json\/wp\/v2\/pages\/1627\/revisions"}],"predecessor-version":[{"id":28589,"href":"https:\/\/ietu.pl\/en\/wp-json\/wp\/v2\/pages\/1627\/revisions\/28589"}],"up":[{"embeddable":true,"href":"https:\/\/ietu.pl\/en\/wp-json\/wp\/v2\/pages\/1304"}],"wp:attachment":[{"href":"https:\/\/ietu.pl\/en\/wp-json\/wp\/v2\/media?parent=1627"}],"curies":[{"name":"wp","href":"https:\/\/api.w.org\/{rel}","templated":true}]}}